{"id":6445,"date":"2025-02-10T14:24:02","date_gmt":"2025-02-10T12:24:02","guid":{"rendered":"https:\/\/www.riverbank.ee\/om-us\/"},"modified":"2025-04-20T22:08:35","modified_gmt":"2025-04-20T19:08:35","slug":"om-us","status":"publish","type":"page","link":"https:\/\/www.riverbank.ee\/da\/om-us\/","title":{"rendered":"Om os"},"content":{"rendered":"<p><span data-sheets-root=\"1\">Riverbank O\u00dc producerer limtr\u00e6 i birk og eg \u2013 b\u00e5de fingersamlet og med hele lameller \u2013 samt massive b\u00f8rnesenge og sofaborde. Ved hj\u00e6lp af moderne teknologi er vi i stand til at fremstille limtr\u00e6splader, der opfylder selv de mest kr\u00e6vende kunders behov, og vores produktudvalg er b\u00e5de fleksibelt og alsidigt. Vi kan producere limtr\u00e6splader efter kundens specifikke \u00f8nsker.<\/span><\/p>\n<p>Alle de materialer, vi anvender i produktionen, er af h\u00f8j kvalitet og fuldst\u00e6ndig sikre. Virksomheden har v\u00e6ret aktiv p\u00e5 markedet i over 10 \u00e5r og har bevist sin konkurrencedygtighed, b\u00e5de hvad ang\u00e5r pris og kvalitet p\u00e5 f\u00e6rdige produkter. Vores produktionslinje er udstyret med avancerede teknologiske maskiner, og vores medarbejdere har b\u00e5de h\u00f8j faglig ekspertise og mange \u00e5rs erfaring inden for tr\u00e6forarbejdning og fremstilling af tr\u00e6produkter.<\/p>\n<p>Vi samarbejder med partnere i Skandinavien, Vesteuropa, USA og Estland.<\/p>\n<p>Vi har s\u00e6rligt stor erfaring med produktion af limtr\u00e6splader i tykkelser fra 15-50 mm.<\/p>\n<p>Produktionskapacitet<br \/>\nVi kan producere plader med f\u00f8lgende m\u00e5l:<\/p>\n<p>\ud83d\udccf L\u00e6ngde: maks. 4000 mm<br \/>\n\ud83d\udccf Bredde: maks. 1300 mm<br \/>\n\ud83d\udccf Tykkelse: 15-50 mm<\/p>\n<p>For yderligere information om priser, muligheder og levering, kontakt os venligst p\u00e5 telefon: +372 509 9151.<\/p>\n<p><span data-sheets-root=\"1\">Massive tr\u00e6m\u00f8bler \u2013 hvorfor v\u00e6lge os?<br \/>\nVores prim\u00e6re materiale til produktion af massive tr\u00e6m\u00f8bler er fyrretr\u00e6, men vi tilbyder ogs\u00e5 produktion i birk og eg. Massive tr\u00e6m\u00f8bler er en v\u00e6rdifuld investering, da tr\u00e6m\u00f8bler \u2013 ved korrekt vedligeholdelse \u2013 kan holde i mange \u00e5rtier. Desuden er de lette at restaurere, hvilket g\u00f8r dem til et holdbart valg. \u00c6ndringer i stilpr\u00e6ferencer betyder ikke n\u00f8dvendigvis, at du skal udskifte dine tr\u00e6m\u00f8bler, da de kan opdateres og tilpasses over tid.<\/p>\n<p>Milj\u00f8venlighed og b\u00e6redygtighed<br \/>\nEn v\u00e6sentlig fordel ved massive tr\u00e6m\u00f8bler er deres milj\u00f8venlige fremstillingsmetode. Tr\u00e6 er en fornybar ressource og et alsidigt materiale. Gennem \u00e5rhundreder har tr\u00e6m\u00f8bler v\u00e6ret det foretrukne valg til boligindretning, og generationer har videregivet massivt tr\u00e6m\u00f8bler som en v\u00e6rdifuld arv.<\/p>\n<p>Fordele ved massive tr\u00e6m\u00f8bler<br \/>\n\u2714 Styrke og holdbarhed<br \/>\nMassive tr\u00e6m\u00f8bler er bygget til at holde i generationer.<br \/>\nI hjem med b\u00f8rn anbefaler vi altid massive tr\u00e6m\u00f8bler, da de \u2013 selv hvis de beskadiges over tid \u2013 kan repareres og genopfriskes.<br \/>\n\u2714 Let vedligeholdelse<br \/>\nSpecielle reng\u00f8ringsmidler til tr\u00e6 hj\u00e6lper med at forl\u00e6nge m\u00f8blernes levetid.<br \/>\nEnkle behandlingsmetoder kan bevare tr\u00e6ets udseende i \u00e5revis.<br \/>\n\u2714 Smukt og tidl\u00f8st design<br \/>\nTr\u00e6m\u00f8bler tilf\u00f8rer varme, karakter og et luksuri\u00f8st pr\u00e6g til ethvert rum.<br \/>\nDe passer ind i n\u00e6sten enhver indretningsstil og kan nemt opdateres med en ny finish.<br \/>\n\u2714 Langsigtet investering<br \/>\nSelvom massive tr\u00e6m\u00f8bler kr\u00e6ver en st\u00f8rre investering i starten, er de \u00f8konomisk fordelagtige p\u00e5 lang sigt.<br \/>\nHvert m\u00f8bel er unikt p\u00e5 grund af tr\u00e6ets naturlige \u00e5rer og struktur.<br \/>\n\u2714 Mulighed for tilpasning og restaurering<br \/>\nGamle tr\u00e6m\u00f8bler kan nemt restaureres og gives nyt liv.<br \/>\nTr\u00e6overflader kan slibes og genbehandles, eller m\u00f8bler kan males for at \u00e6ndre udtrykket.<br \/>\nRiverbanks mission<br \/>\nVi fokuserer p\u00e5 at producere h\u00f8jkvalitets tr\u00e6produkter, der opfylder kundernes behov og sikrer en positiv oplevelse.<\/p>\n<p>Riverbanks vision<br \/>\nVores vision er at blive den f\u00f8rende leverand\u00f8r af tr\u00e6produkter til b\u00e5de det danske, europ\u00e6iske og internationale marked. Vi vil sikre vores position gennem b\u00e6redygtige teknologier, optimal ressourceudnyttelse og effektiv produktion.<\/p>\n<p>Riverbanks v\u00e6rdier<br \/>\n\ud83c\udf3f Milj\u00f8 \u2013 B\u00e6redygtighed er en kernev\u00e6rdi.<br \/>\n\ud83d\udc77 Medarbejdere \u2013 Kvalificerede specialister sikrer vores succes.<br \/>\n\ud83d\udcc8 Kvalitet \u2013 Vi producerer holdbare og eksklusive produkter.<br \/>\n\ud83e\udd1d Samarbejde \u2013 Vi prioriterer langsigtede partnerskaber.<\/p>\n<p>Riverbanks strategi<br \/>\n\u2705 Produktion af h\u00f8jkvalitets tr\u00e6produkter i den rette m\u00e6ngde og variation.<br \/>\n\u2705 Sikring af b\u00e6redygtig udvikling, herunder gode arbejdsvilk\u00e5r for medarbejdere.<br \/>\n\u2705 Fastholdelse og styrkelse af vores position p\u00e5 m\u00f8belmarkedet.<br \/>\n\u2705 L\u00f8bende forbedring af arbejdsmilj\u00f8 og medarbejdertrivsel.<br \/>\n\u2705 Reduktion af milj\u00f8p\u00e5virkning gennem b\u00e6redygtige produktionsmetoder.<br \/>\n\u2705 Vedligeholdelse og udvikling af moderne ledelsesstandarder.<\/p>\n<p>B\u00e6redygtighed og FSC\u00ae-certificering<br \/>\nRiverbank O\u00dc er FSC\u00ae-certificeret (FSC-C168312) og forpligter sig til ansvarlig skovdrift. Vi sikrer, at det tr\u00e6, vi anvender, stammer fra b\u00e6redygtigt forvaltede skove, hvor b\u00e5de \u00f8konomiske, milj\u00f8m\u00e6ssige og sociale hensyn tages i betragtning. Vi andvender IKKE tr\u00e6 fra Rusland eller Belarus i vores produktion.<\/p>\n<p>Socialt ansvar og arbejdsforhold<br \/>\nRiverbank O\u00dc sikrer, at alle arbejdsforhold lever op til internationale standarder.<\/p>\n<p>Vi forpligter os til:<br \/>\nIngen b\u00f8rnearbejde \u2013 Vi ans\u00e6tter ikke personer under 15 \u00e5r.<br \/>\nIngen tvangsarbejde \u2013 Alle ans\u00e6ttelsesforhold er frivillige.<br \/>\nLige behandling \u2013 Vi tolererer ingen form for diskrimination.<br \/>\nArbejdsrettigheder \u2013 Vi respekterer fagforeningsfrihed og kollektive forhandlinger.<br \/>\nSikkerhed &amp; trivsel \u2013 Vi sikrer et sundt og trygt arbejdsmilj\u00f8.<\/p>\n<p>Sammenfatning<br \/>\nRiverbank O\u00dc er en b\u00e6redygtig og ansvarlig producent af massive tr\u00e6m\u00f8bler og limtr\u00e6sprodukter. Vi kombinerer h\u00e5ndv\u00e6rk, teknologi og b\u00e6redygtighed for at levere produkter af h\u00f8jeste kvalitet til b\u00e5de private og erhvervskunder i Danmark og resten af Europa.<\/p>\n<p>Kontakt os for mere information!<\/span><\/p>\n","protected":false},"excerpt":{"rendered":"<p>Riverbank O\u00dc producerer limtr\u00e6 i birk og eg \u2013 b\u00e5de fingersamlet og med hele lameller \u2013 samt massive b\u00f8rnesenge og sofaborde. Ved hj\u00e6lp af moderne teknologi er vi i stand til at fremstille limtr\u00e6splader, der opfylder selv de mest kr\u00e6vende kunders behov, og vores produktudvalg er b\u00e5de fleksibelt og alsidigt. Vi kan producere limtr\u00e6splader efter [&hellip;]<\/p>\n","protected":false},"author":56,"featured_media":0,"parent":0,"menu_order":0,"comment_status":"closed","ping_status":"closed","template":"","meta":{"ngg_post_thumbnail":0,"ocean_post_layout":"full-width","ocean_both_sidebars_style":"","ocean_both_sidebars_content_width":0,"ocean_both_sidebars_sidebars_width":0,"ocean_sidebar":"0","ocean_second_sidebar":"0","ocean_disable_margins":"enable","ocean_add_body_class":"","ocean_shortcode_before_top_bar":"","ocean_shortcode_after_top_bar":"","ocean_shortcode_before_header":"","ocean_shortcode_after_header":"","ocean_has_shortcode":"","ocean_shortcode_after_title":"","ocean_shortcode_before_footer_widgets":"","ocean_shortcode_after_footer_widgets":"","ocean_shortcode_before_footer_bottom":"","ocean_shortcode_after_footer_bottom":"","ocean_display_top_bar":"default","ocean_display_header":"default","ocean_header_style":"","ocean_center_header_left_menu":"0","ocean_custom_header_template":"0","ocean_custom_logo":0,"ocean_custom_retina_logo":0,"ocean_custom_logo_max_width":0,"ocean_custom_logo_tablet_max_width":0,"ocean_custom_logo_mobile_max_width":0,"ocean_custom_logo_max_height":0,"ocean_custom_logo_tablet_max_height":0,"ocean_custom_logo_mobile_max_height":0,"ocean_header_custom_menu":"0","ocean_menu_typo_font_family":"0","ocean_menu_typo_font_subset":"","ocean_menu_typo_font_size":0,"ocean_menu_typo_font_size_tablet":0,"ocean_menu_typo_font_size_mobile":0,"ocean_menu_typo_font_size_unit":"px","ocean_menu_typo_font_weight":"","ocean_menu_typo_font_weight_tablet":"","ocean_menu_typo_font_weight_mobile":"","ocean_menu_typo_transform":"","ocean_menu_typo_transform_tablet":"","ocean_menu_typo_transform_mobile":"","ocean_menu_typo_line_height":0,"ocean_menu_typo_line_height_tablet":0,"ocean_menu_typo_line_height_mobile":0,"ocean_menu_typo_line_height_unit":"","ocean_menu_typo_spacing":0,"ocean_menu_typo_spacing_tablet":0,"ocean_menu_typo_spacing_mobile":0,"ocean_menu_typo_spacing_unit":"","ocean_menu_link_color":"","ocean_menu_link_color_hover":"","ocean_menu_link_color_active":"","ocean_menu_link_background":"","ocean_menu_link_hover_background":"","ocean_menu_link_active_background":"","ocean_menu_social_links_bg":"","ocean_menu_social_hover_links_bg":"","ocean_menu_social_links_color":"","ocean_menu_social_hover_links_color":"","ocean_disable_title":"default","ocean_disable_heading":"default","ocean_post_title":"","ocean_post_subheading":"","ocean_post_title_style":"","ocean_post_title_background_color":"","ocean_post_title_background":0,"ocean_post_title_bg_image_position":"","ocean_post_title_bg_image_attachment":"","ocean_post_title_bg_image_repeat":"","ocean_post_title_bg_image_size":"","ocean_post_title_height":0,"ocean_post_title_bg_overlay":0.5,"ocean_post_title_bg_overlay_color":"","ocean_disable_breadcrumbs":"default","ocean_breadcrumbs_color":"","ocean_breadcrumbs_separator_color":"","ocean_breadcrumbs_links_color":"","ocean_breadcrumbs_links_hover_color":"","ocean_display_footer_widgets":"default","ocean_display_footer_bottom":"default","ocean_custom_footer_template":"0","osh_disable_topbar_sticky":"default","osh_disable_header_sticky":"default","osh_sticky_header_style":"default","osh_sticky_header_effect":"","osh_custom_sticky_logo":0,"osh_custom_retina_sticky_logo":0,"osh_custom_sticky_logo_height":0,"osh_background_color":"","osh_links_color":"","osh_links_hover_color":"","osh_links_active_color":"","osh_links_bg_color":"","osh_links_hover_bg_color":"","osh_links_active_bg_color":"","osh_menu_social_links_color":"","osh_menu_social_hover_links_color":"","footnotes":""},"class_list":["post-6445","page","type-page","status-publish","hentry","entry","owp-thumbs-layout-horizontal","owp-btn-normal","owp-tabs-layout-horizontal","has-no-thumbnails","has-product-nav","circle-sale"],"yoast_head":"<!-- This site is optimized with the Yoast SEO plugin v27.2 - https:\/\/yoast.com\/product\/yoast-seo-wordpress\/ -->\n<title>Om os | Riverbank<\/title>\n<meta name=\"robots\" content=\"index, follow, max-snippet:-1, max-image-preview:large, max-video-preview:-1\" \/>\n<link rel=\"canonical\" href=\"https:\/\/www.riverbank.ee\/da\/om-us\/\" \/>\n<meta property=\"og:locale\" content=\"da_DK\" \/>\n<meta property=\"og:type\" content=\"article\" \/>\n<meta property=\"og:title\" content=\"Om os | Riverbank\" \/>\n<meta property=\"og:description\" content=\"Riverbank O\u00dc producerer limtr\u00e6 i birk og eg \u2013 b\u00e5de fingersamlet og med hele lameller \u2013 samt massive b\u00f8rnesenge og sofaborde. Ved hj\u00e6lp af moderne teknologi er vi i stand til at fremstille limtr\u00e6splader, der opfylder selv de mest kr\u00e6vende kunders behov, og vores produktudvalg er b\u00e5de fleksibelt og alsidigt. Vi kan producere limtr\u00e6splader efter [&hellip;]\" \/>\n<meta property=\"og:url\" content=\"https:\/\/www.riverbank.ee\/da\/om-us\/\" \/>\n<meta property=\"og:site_name\" content=\"Riverbank\" \/>\n<meta property=\"article:publisher\" content=\"https:\/\/www.facebook.com\/RiverbankVoodid\" \/>\n<meta property=\"article:modified_time\" content=\"2025-04-20T19:08:35+00:00\" \/>\n<meta property=\"og:image\" content=\"https:\/\/www.riverbank.ee\/wp-content\/uploads\/2021\/02\/cropped-favicon.png\" \/>\n\t<meta property=\"og:image:width\" content=\"512\" \/>\n\t<meta property=\"og:image:height\" content=\"512\" \/>\n\t<meta property=\"og:image:type\" content=\"image\/png\" \/>\n<meta name=\"twitter:card\" content=\"summary_large_image\" \/>\n<meta name=\"twitter:label1\" content=\"Estimeret l\u00e6setid\" \/>\n\t<meta name=\"twitter:data1\" content=\"4 minutter\" \/>\n<script type=\"application\/ld+json\" class=\"yoast-schema-graph\">{\"@context\":\"https:\/\/schema.org\",\"@graph\":[{\"@type\":\"WebPage\",\"@id\":\"https:\/\/www.riverbank.ee\/da\/om-us\/\",\"url\":\"https:\/\/www.riverbank.ee\/da\/om-us\/\",\"name\":\"Om os | Riverbank\",\"isPartOf\":{\"@id\":\"https:\/\/www.riverbank.ee\/#website\"},\"datePublished\":\"2025-02-10T12:24:02+00:00\",\"dateModified\":\"2025-04-20T19:08:35+00:00\",\"breadcrumb\":{\"@id\":\"https:\/\/www.riverbank.ee\/da\/om-us\/#breadcrumb\"},\"inLanguage\":\"da-DK\",\"potentialAction\":[{\"@type\":\"ReadAction\",\"target\":[\"https:\/\/www.riverbank.ee\/da\/om-us\/\"]}]},{\"@type\":\"BreadcrumbList\",\"@id\":\"https:\/\/www.riverbank.ee\/da\/om-us\/#breadcrumb\",\"itemListElement\":[{\"@type\":\"ListItem\",\"position\":1,\"name\":\"Avaleht\",\"item\":\"https:\/\/www.riverbank.ee\/\"},{\"@type\":\"ListItem\",\"position\":2,\"name\":\"Om os\"}]},{\"@type\":\"WebSite\",\"@id\":\"https:\/\/www.riverbank.ee\/#website\",\"url\":\"https:\/\/www.riverbank.ee\/\",\"name\":\"Riverbank\",\"description\":\"Riverbank\",\"publisher\":{\"@id\":\"https:\/\/www.riverbank.ee\/#organization\"},\"potentialAction\":[{\"@type\":\"SearchAction\",\"target\":{\"@type\":\"EntryPoint\",\"urlTemplate\":\"https:\/\/www.riverbank.ee\/?s={search_term_string}\"},\"query-input\":{\"@type\":\"PropertyValueSpecification\",\"valueRequired\":true,\"valueName\":\"search_term_string\"}}],\"inLanguage\":\"da-DK\"},{\"@type\":\"Organization\",\"@id\":\"https:\/\/www.riverbank.ee\/#organization\",\"name\":\"Riverbank\",\"url\":\"https:\/\/www.riverbank.ee\/\",\"logo\":{\"@type\":\"ImageObject\",\"inLanguage\":\"da-DK\",\"@id\":\"https:\/\/www.riverbank.ee\/#\/schema\/logo\/image\/\",\"url\":\"https:\/\/www.riverbank.ee\/wp-content\/uploads\/2021\/06\/logo-tervik.png\",\"contentUrl\":\"https:\/\/www.riverbank.ee\/wp-content\/uploads\/2021\/06\/logo-tervik.png\",\"width\":2000,\"height\":521,\"caption\":\"Riverbank\"},\"image\":{\"@id\":\"https:\/\/www.riverbank.ee\/#\/schema\/logo\/image\/\"},\"sameAs\":[\"https:\/\/www.facebook.com\/RiverbankVoodid\"]}]}<\/script>\n<!-- \/ Yoast SEO plugin. -->","yoast_head_json":{"title":"Om os | Riverbank","robots":{"index":"index","follow":"follow","max-snippet":"max-snippet:-1","max-image-preview":"max-image-preview:large","max-video-preview":"max-video-preview:-1"},"canonical":"https:\/\/www.riverbank.ee\/da\/om-us\/","og_locale":"da_DK","og_type":"article","og_title":"Om os | Riverbank","og_description":"Riverbank O\u00dc producerer limtr\u00e6 i birk og eg \u2013 b\u00e5de fingersamlet og med hele lameller \u2013 samt massive b\u00f8rnesenge og sofaborde. Ved hj\u00e6lp af moderne teknologi er vi i stand til at fremstille limtr\u00e6splader, der opfylder selv de mest kr\u00e6vende kunders behov, og vores produktudvalg er b\u00e5de fleksibelt og alsidigt. Vi kan producere limtr\u00e6splader efter [&hellip;]","og_url":"https:\/\/www.riverbank.ee\/da\/om-us\/","og_site_name":"Riverbank","article_publisher":"https:\/\/www.facebook.com\/RiverbankVoodid","article_modified_time":"2025-04-20T19:08:35+00:00","og_image":[{"width":512,"height":512,"url":"https:\/\/www.riverbank.ee\/wp-content\/uploads\/2021\/02\/cropped-favicon.png","type":"image\/png"}],"twitter_card":"summary_large_image","twitter_misc":{"Estimeret l\u00e6setid":"4 minutter"},"schema":{"@context":"https:\/\/schema.org","@graph":[{"@type":"WebPage","@id":"https:\/\/www.riverbank.ee\/da\/om-us\/","url":"https:\/\/www.riverbank.ee\/da\/om-us\/","name":"Om os | Riverbank","isPartOf":{"@id":"https:\/\/www.riverbank.ee\/#website"},"datePublished":"2025-02-10T12:24:02+00:00","dateModified":"2025-04-20T19:08:35+00:00","breadcrumb":{"@id":"https:\/\/www.riverbank.ee\/da\/om-us\/#breadcrumb"},"inLanguage":"da-DK","potentialAction":[{"@type":"ReadAction","target":["https:\/\/www.riverbank.ee\/da\/om-us\/"]}]},{"@type":"BreadcrumbList","@id":"https:\/\/www.riverbank.ee\/da\/om-us\/#breadcrumb","itemListElement":[{"@type":"ListItem","position":1,"name":"Avaleht","item":"https:\/\/www.riverbank.ee\/"},{"@type":"ListItem","position":2,"name":"Om os"}]},{"@type":"WebSite","@id":"https:\/\/www.riverbank.ee\/#website","url":"https:\/\/www.riverbank.ee\/","name":"Riverbank","description":"Riverbank","publisher":{"@id":"https:\/\/www.riverbank.ee\/#organization"},"potentialAction":[{"@type":"SearchAction","target":{"@type":"EntryPoint","urlTemplate":"https:\/\/www.riverbank.ee\/?s={search_term_string}"},"query-input":{"@type":"PropertyValueSpecification","valueRequired":true,"valueName":"search_term_string"}}],"inLanguage":"da-DK"},{"@type":"Organization","@id":"https:\/\/www.riverbank.ee\/#organization","name":"Riverbank","url":"https:\/\/www.riverbank.ee\/","logo":{"@type":"ImageObject","inLanguage":"da-DK","@id":"https:\/\/www.riverbank.ee\/#\/schema\/logo\/image\/","url":"https:\/\/www.riverbank.ee\/wp-content\/uploads\/2021\/06\/logo-tervik.png","contentUrl":"https:\/\/www.riverbank.ee\/wp-content\/uploads\/2021\/06\/logo-tervik.png","width":2000,"height":521,"caption":"Riverbank"},"image":{"@id":"https:\/\/www.riverbank.ee\/#\/schema\/logo\/image\/"},"sameAs":["https:\/\/www.facebook.com\/RiverbankVoodid"]}]}},"_links":{"self":[{"href":"https:\/\/www.riverbank.ee\/da\/wp-json\/wp\/v2\/pages\/6445","targetHints":{"allow":["GET"]}}],"collection":[{"href":"https:\/\/www.riverbank.ee\/da\/wp-json\/wp\/v2\/pages"}],"about":[{"href":"https:\/\/www.riverbank.ee\/da\/wp-json\/wp\/v2\/types\/page"}],"author":[{"embeddable":true,"href":"https:\/\/www.riverbank.ee\/da\/wp-json\/wp\/v2\/users\/56"}],"replies":[{"embeddable":true,"href":"https:\/\/www.riverbank.ee\/da\/wp-json\/wp\/v2\/comments?post=6445"}],"version-history":[{"count":2,"href":"https:\/\/www.riverbank.ee\/da\/wp-json\/wp\/v2\/pages\/6445\/revisions"}],"predecessor-version":[{"id":7461,"href":"https:\/\/www.riverbank.ee\/da\/wp-json\/wp\/v2\/pages\/6445\/revisions\/7461"}],"wp:attachment":[{"href":"https:\/\/www.riverbank.ee\/da\/wp-json\/wp\/v2\/media?parent=6445"}],"curies":[{"name":"wp","href":"https:\/\/api.w.org\/{rel}","templated":true}]}}