{"id":6447,"date":"2025-02-10T14:27:57","date_gmt":"2025-02-10T12:27:57","guid":{"rendered":"https:\/\/www.riverbank.ee\/generelle-vilkaar-og-betingelser\/"},"modified":"2025-02-10T14:27:57","modified_gmt":"2025-02-10T12:27:57","slug":"generelle-vilkaar-og-betingelser","status":"publish","type":"page","link":"https:\/\/www.riverbank.ee\/da\/generelle-vilkaar-og-betingelser\/","title":{"rendered":"Generelle Vilk\u00e5r og Betingelser"},"content":{"rendered":"<h3>Generelle Vilk\u00e5r og Betingelser<\/h3>\n<p>Ejeren af webshoppen Riverbank.ee (herefter &#8220;Webshoppen&#8221;) er O\u00dc Riverbank (registreringskode 12469363), med adresse: J\u00f5ekalda tee 103, Silla k\u00fcla, P\u00e4rnu linn, P\u00e4rnumaa, 86604.<\/p>\n<p>Gyldighed af salgsaftale, produkt- og prisoplysninger<br \/>\nDisse salgsbetingelser g\u00e6lder for alle k\u00f8b foretaget i webshoppen.<\/p>\n<p>Priserne p\u00e5 produkterne er angivet ved de respektive varer.<br \/>\nLeveringsomkostninger tilf\u00f8jes ved checkout og afh\u00e6nger af k\u00f8berens lokation samt den valgte leveringsmetode.<br \/>\nOplysninger om produkterne findes direkte ved de enkelte varer i webshoppen.<br \/>\nBestilling af varer<br \/>\nFor at afgive en ordre skal kunden:<\/p>\n<p>Tilf\u00f8je de \u00f8nskede produkter til indk\u00f8bskurven.<br \/>\nUdfylde de n\u00f8dvendige oplysninger.<br \/>\nV\u00e6lge en passende leveringsmetode.<br \/>\nBetale via bankoverf\u00f8rsel, betalingslink eller en anden betalingsmetode.<br \/>\nSalgsaftalen tr\u00e6der i kraft, n\u00e5r bel\u00f8bet er registreret p\u00e5 Webshoppens konto.<\/p>\n<p>Hvis en vare er udsolgt eller af en anden grund ikke kan leveres, vil kunden blive informeret hurtigst muligt. I dette tilf\u00e6lde refunderes det fulde bel\u00f8b, inkl. leveringsomkostninger, senest 14 dage efter meddelelsen om annullering.<\/p>\n<p>Betalingsmetoder<br \/>\nAlle priser i webshoppen er angivet i euro (\u20ac).<\/p>\n<p>Tilg\u00e6ngelige betalingsmetoder:<\/p>\n<p>Faktura<br \/>\nOnline bankoverf\u00f8rsel (Swedbank, SEB, Luminor, LHV, Coop)<br \/>\nKreditkort (Visa, Mastercard)<br \/>\nBetalingsoplysninger vises p\u00e5 sk\u00e6rmen efter ordrebekr\u00e6ftelse og sendes til kundens e-mail.<\/p>\n<p>O\u00dc Riverbank er ansvarlig for behandling af personoplysninger og overf\u00f8rer n\u00f8dvendige betalingsoplysninger til den autoriserede betalingsudbyder Maksekeskus AS.<\/p>\n<p>Levering<br \/>\nVi leverer varer til f\u00f8lgende lande: Estland, Finland, Letland og Litauen.<\/p>\n<p>Levering i Estland: Op til 21 arbejdsdage fra aftalens ikrafttr\u00e6den.<br \/>\nLevering uden for Estland: Op til 30 kalenderdage.<br \/>\nI s\u00e6rlige tilf\u00e6lde kan levering tage op til 45 kalenderdage.<br \/>\nHvis kunden v\u00e6lger levering med kurer, leveres ordren af OSC Transport til den angivne adresse.<\/p>\n<p>Fortrydelsesret<br \/>\nKunder har en 14-dages fortrydelsesret, forudsat at varen kun er blevet brugt i det omfang, det er n\u00f8dvendigt for at fastsl\u00e5 dens art, egenskaber og funktion \u2013 som ved en fysisk butikspr\u00f8ve.<\/p>\n<p>Hvis varen har v\u00e6ret brugt mere end n\u00f8dvendigt, eller hvis der er tegn p\u00e5 slid, har webshoppen ret til at reducere tilbagebetalingen i forhold til varens v\u00e6rdiforringelse.<\/p>\n<p>For at returnere en vare skal kunden:<\/p>\n<p>Indsende en skriftlig anmodning via e-mail til madis@riverbank.ee inden 14 dage fra modtagelsen af varen.<br \/>\nBetale for returneringen, medmindre varen returneres p\u00e5 grund af en fejl (f.eks. defekt eller forkert vare).<br \/>\nDen returnerede vare skal sendes senest 14 dage efter indsendelse af fortrydelsesmeddelelsen. Webshoppen refunderer bel\u00f8bet inden for 14 dage fra modtagelsen af returneringen.<\/p>\n<p>Hvis kunden har valgt en dyrere leveringsmetode end den billigste standardlevering, refunderer webshoppen kun fragtomkostninger svarende til den billigste leveringsmetode.<\/p>\n<p>Webshoppen forbeholder sig retten til at annullere en ordre og kr\u00e6ve varen tilbage, hvis en prisfejl har medf\u00f8rt en v\u00e6sentlig lavere pris end markedsv\u00e6rdien.<\/p>\n<p>Reklamation og garanti<br \/>\nWebshoppen er ansvarlig for mangler ved solgte varer, der eksisterede p\u00e5 leveringstidspunktet, og som viser sig inden for 2 \u00e5r efter modtagelsen.<\/p>\n<p>Inden for 6 m\u00e5neder fra levering anses en fejl for at have eksisteret fra begyndelsen, medmindre webshoppen beviser det modsatte.<br \/>\nKunden skal informere webshoppen om eventuelle fejl senest 2 m\u00e5neder efter opdagelsen via:<br \/>\n\ud83d\udce7 madis@riverbank.ee<br \/>\n\ud83d\udcde +44 61600<br \/>\nWebshoppen er ikke ansvarlig for skader, der er opst\u00e5et efter varens levering.<\/p>\n<p>Ved en berettiget reklamation vil webshoppen enten:<br \/>\n\u2705 Reparere varen<br \/>\n\u2705 Udskifte varen<br \/>\n\u2705 Refundere det fulde bel\u00f8b, inkl. leveringsomkostninger, hvis reparation eller udskiftning ikke er mulig.<\/p>\n<p>Webshoppen besvarer reklamationer inden for 15 dage.<\/p>\n<p>Markedsf\u00f8ring og behandling af personoplysninger<br \/>\nWebshoppen anvender kundens personoplysninger (navn, telefonnummer, adresse, e-mail, bankoplysninger) udelukkende til ordrebehandling og levering.<\/p>\n<p>Personoplysninger videregives kun til logistikpartnere for at sikre levering af varerne.<br \/>\nNyhedsbreve og kampagnetilbud sendes kun, hvis kunden har givet sit samtykke.<br \/>\nKunden kan til enhver tid afmelde nyhedsbreve via e-mail eller ved at f\u00f8lge instruktionerne i nyhedsbrevet.<br \/>\nO\u00dc Riverbank er ansvarlig for databehandling og deler kun n\u00f8dvendige betalingsoplysninger med Maksekeskus AS.<\/p>\n<p>Tvistbil\u00e6ggelse<br \/>\nHvis der opst\u00e5r en tvist, kan kunden kontakte webshoppen via:<br \/>\n\ud83d\udce7 info@riverbank.ee<br \/>\n\ud83d\udcde +44 61600<\/p>\n<p>Hvis en tvist ikke kan l\u00f8ses i mindelighed, kan kunden:<\/p>\n<p>Indgive en klage til Forbrugertvistn\u00e6vnet.<br \/>\nBenytte den europ\u00e6iske online tvistbil\u00e6ggelsesplatform til l\u00f8sning af tvisten.<\/p>\n","protected":false},"excerpt":{"rendered":"<p>Generelle Vilk\u00e5r og Betingelser Ejeren af webshoppen Riverbank.ee (herefter &#8220;Webshoppen&#8221;) er O\u00dc Riverbank (registreringskode 12469363), med adresse: J\u00f5ekalda tee 103, Silla k\u00fcla, P\u00e4rnu linn, P\u00e4rnumaa, 86604. Gyldighed af salgsaftale, produkt- og prisoplysninger Disse salgsbetingelser g\u00e6lder for alle k\u00f8b foretaget i webshoppen. Priserne p\u00e5 produkterne er angivet ved de respektive varer. Leveringsomkostninger tilf\u00f8jes ved checkout og [&hellip;]<\/p>\n","protected":false},"author":56,"featured_media":0,"parent":0,"menu_order":0,"comment_status":"closed","ping_status":"closed","template":"","meta":{"ngg_post_thumbnail":0,"ocean_post_layout":"","ocean_both_sidebars_style":"","ocean_both_sidebars_content_width":0,"ocean_both_sidebars_sidebars_width":0,"ocean_sidebar":"0","ocean_second_sidebar":"0","ocean_disable_margins":"enable","ocean_add_body_class":"","ocean_shortcode_before_top_bar":"","ocean_shortcode_after_top_bar":"","ocean_shortcode_before_header":"","ocean_shortcode_after_header":"","ocean_has_shortcode":"","ocean_shortcode_after_title":"","ocean_shortcode_before_footer_widgets":"","ocean_shortcode_after_footer_widgets":"","ocean_shortcode_before_footer_bottom":"","ocean_shortcode_after_footer_bottom":"","ocean_display_top_bar":"default","ocean_display_header":"default","ocean_header_style":"","ocean_center_header_left_menu":"0","ocean_custom_header_template":"0","ocean_custom_logo":0,"ocean_custom_retina_logo":0,"ocean_custom_logo_max_width":0,"ocean_custom_logo_tablet_max_width":0,"ocean_custom_logo_mobile_max_width":0,"ocean_custom_logo_max_height":0,"ocean_custom_logo_tablet_max_height":0,"ocean_custom_logo_mobile_max_height":0,"ocean_header_custom_menu":"0","ocean_menu_typo_font_family":"0","ocean_menu_typo_font_subset":"","ocean_menu_typo_font_size":0,"ocean_menu_typo_font_size_tablet":0,"ocean_menu_typo_font_size_mobile":0,"ocean_menu_typo_font_size_unit":"px","ocean_menu_typo_font_weight":"","ocean_menu_typo_font_weight_tablet":"","ocean_menu_typo_font_weight_mobile":"","ocean_menu_typo_transform":"","ocean_menu_typo_transform_tablet":"","ocean_menu_typo_transform_mobile":"","ocean_menu_typo_line_height":0,"ocean_menu_typo_line_height_tablet":0,"ocean_menu_typo_line_height_mobile":0,"ocean_menu_typo_line_height_unit":"","ocean_menu_typo_spacing":0,"ocean_menu_typo_spacing_tablet":0,"ocean_menu_typo_spacing_mobile":0,"ocean_menu_typo_spacing_unit":"","ocean_menu_link_color":"","ocean_menu_link_color_hover":"","ocean_menu_link_color_active":"","ocean_menu_link_background":"","ocean_menu_link_hover_background":"","ocean_menu_link_active_background":"","ocean_menu_social_links_bg":"","ocean_menu_social_hover_links_bg":"","ocean_menu_social_links_color":"","ocean_menu_social_hover_links_color":"","ocean_disable_title":"default","ocean_disable_heading":"default","ocean_post_title":"","ocean_post_subheading":"","ocean_post_title_style":"","ocean_post_title_background_color":"","ocean_post_title_background":0,"ocean_post_title_bg_image_position":"","ocean_post_title_bg_image_attachment":"","ocean_post_title_bg_image_repeat":"","ocean_post_title_bg_image_size":"","ocean_post_title_height":0,"ocean_post_title_bg_overlay":0.5,"ocean_post_title_bg_overlay_color":"","ocean_disable_breadcrumbs":"default","ocean_breadcrumbs_color":"","ocean_breadcrumbs_separator_color":"","ocean_breadcrumbs_links_color":"","ocean_breadcrumbs_links_hover_color":"","ocean_display_footer_widgets":"default","ocean_display_footer_bottom":"default","ocean_custom_footer_template":"0","osh_disable_topbar_sticky":"default","osh_disable_header_sticky":"default","osh_sticky_header_style":"default","osh_sticky_header_effect":"","osh_custom_sticky_logo":0,"osh_custom_retina_sticky_logo":0,"osh_custom_sticky_logo_height":0,"osh_background_color":"","osh_links_color":"","osh_links_hover_color":"","osh_links_active_color":"","osh_links_bg_color":"","osh_links_hover_bg_color":"","osh_links_active_bg_color":"","osh_menu_social_links_color":"","osh_menu_social_hover_links_color":"","footnotes":""},"class_list":["post-6447","page","type-page","status-publish","hentry","entry","owp-thumbs-layout-horizontal","owp-btn-normal","owp-tabs-layout-horizontal","has-no-thumbnails","has-product-nav","circle-sale"],"yoast_head":"<!-- This site is optimized with the Yoast SEO plugin v27.2 - https:\/\/yoast.com\/product\/yoast-seo-wordpress\/ -->\n<title>Generelle Vilk\u00e5r og Betingelser | Riverbank<\/title>\n<meta name=\"robots\" content=\"index, follow, max-snippet:-1, max-image-preview:large, max-video-preview:-1\" \/>\n<link rel=\"canonical\" href=\"https:\/\/www.riverbank.ee\/generelle-vilkaar-og-betingelser\/\" \/>\n<meta property=\"og:locale\" content=\"da_DK\" \/>\n<meta property=\"og:type\" content=\"article\" \/>\n<meta property=\"og:title\" content=\"Generelle Vilk\u00e5r og Betingelser | Riverbank\" \/>\n<meta property=\"og:description\" content=\"Generelle Vilk\u00e5r og Betingelser Ejeren af webshoppen Riverbank.ee (herefter &#8220;Webshoppen&#8221;) er O\u00dc Riverbank (registreringskode 12469363), med adresse: J\u00f5ekalda tee 103, Silla k\u00fcla, P\u00e4rnu linn, P\u00e4rnumaa, 86604. Gyldighed af salgsaftale, produkt- og prisoplysninger Disse salgsbetingelser g\u00e6lder for alle k\u00f8b foretaget i webshoppen. Priserne p\u00e5 produkterne er angivet ved de respektive varer. Leveringsomkostninger tilf\u00f8jes ved checkout og [&hellip;]\" \/>\n<meta property=\"og:url\" content=\"https:\/\/www.riverbank.ee\/generelle-vilkaar-og-betingelser\/\" \/>\n<meta property=\"og:site_name\" content=\"Riverbank\" \/>\n<meta property=\"article:publisher\" content=\"https:\/\/www.facebook.com\/RiverbankVoodid\" \/>\n<meta property=\"og:image\" content=\"https:\/\/www.riverbank.ee\/wp-content\/uploads\/2021\/02\/cropped-favicon.png\" \/>\n\t<meta property=\"og:image:width\" content=\"512\" \/>\n\t<meta property=\"og:image:height\" content=\"512\" \/>\n\t<meta property=\"og:image:type\" content=\"image\/png\" \/>\n<meta name=\"twitter:card\" content=\"summary_large_image\" \/>\n<meta name=\"twitter:label1\" content=\"Estimeret l\u00e6setid\" \/>\n\t<meta name=\"twitter:data1\" content=\"3 minutter\" \/>\n<script type=\"application\/ld+json\" class=\"yoast-schema-graph\">{\"@context\":\"https:\/\/schema.org\",\"@graph\":[{\"@type\":\"WebPage\",\"@id\":\"https:\/\/www.riverbank.ee\/generelle-vilkaar-og-betingelser\/\",\"url\":\"https:\/\/www.riverbank.ee\/generelle-vilkaar-og-betingelser\/\",\"name\":\"Generelle Vilk\u00e5r og Betingelser | Riverbank\",\"isPartOf\":{\"@id\":\"https:\/\/www.riverbank.ee\/#website\"},\"datePublished\":\"2025-02-10T12:27:57+00:00\",\"breadcrumb\":{\"@id\":\"https:\/\/www.riverbank.ee\/generelle-vilkaar-og-betingelser\/#breadcrumb\"},\"inLanguage\":\"da-DK\",\"potentialAction\":[{\"@type\":\"ReadAction\",\"target\":[\"https:\/\/www.riverbank.ee\/generelle-vilkaar-og-betingelser\/\"]}]},{\"@type\":\"BreadcrumbList\",\"@id\":\"https:\/\/www.riverbank.ee\/generelle-vilkaar-og-betingelser\/#breadcrumb\",\"itemListElement\":[{\"@type\":\"ListItem\",\"position\":1,\"name\":\"Avaleht\",\"item\":\"https:\/\/www.riverbank.ee\/\"},{\"@type\":\"ListItem\",\"position\":2,\"name\":\"Generelle Vilk\u00e5r og Betingelser\"}]},{\"@type\":\"WebSite\",\"@id\":\"https:\/\/www.riverbank.ee\/#website\",\"url\":\"https:\/\/www.riverbank.ee\/\",\"name\":\"Riverbank\",\"description\":\"Riverbank\",\"publisher\":{\"@id\":\"https:\/\/www.riverbank.ee\/#organization\"},\"potentialAction\":[{\"@type\":\"SearchAction\",\"target\":{\"@type\":\"EntryPoint\",\"urlTemplate\":\"https:\/\/www.riverbank.ee\/?s={search_term_string}\"},\"query-input\":{\"@type\":\"PropertyValueSpecification\",\"valueRequired\":true,\"valueName\":\"search_term_string\"}}],\"inLanguage\":\"da-DK\"},{\"@type\":\"Organization\",\"@id\":\"https:\/\/www.riverbank.ee\/#organization\",\"name\":\"Riverbank\",\"url\":\"https:\/\/www.riverbank.ee\/\",\"logo\":{\"@type\":\"ImageObject\",\"inLanguage\":\"da-DK\",\"@id\":\"https:\/\/www.riverbank.ee\/#\/schema\/logo\/image\/\",\"url\":\"https:\/\/www.riverbank.ee\/wp-content\/uploads\/2021\/06\/logo-tervik.png\",\"contentUrl\":\"https:\/\/www.riverbank.ee\/wp-content\/uploads\/2021\/06\/logo-tervik.png\",\"width\":2000,\"height\":521,\"caption\":\"Riverbank\"},\"image\":{\"@id\":\"https:\/\/www.riverbank.ee\/#\/schema\/logo\/image\/\"},\"sameAs\":[\"https:\/\/www.facebook.com\/RiverbankVoodid\"]}]}<\/script>\n<!-- \/ Yoast SEO plugin. -->","yoast_head_json":{"title":"Generelle Vilk\u00e5r og Betingelser | Riverbank","robots":{"index":"index","follow":"follow","max-snippet":"max-snippet:-1","max-image-preview":"max-image-preview:large","max-video-preview":"max-video-preview:-1"},"canonical":"https:\/\/www.riverbank.ee\/generelle-vilkaar-og-betingelser\/","og_locale":"da_DK","og_type":"article","og_title":"Generelle Vilk\u00e5r og Betingelser | Riverbank","og_description":"Generelle Vilk\u00e5r og Betingelser Ejeren af webshoppen Riverbank.ee (herefter &#8220;Webshoppen&#8221;) er O\u00dc Riverbank (registreringskode 12469363), med adresse: J\u00f5ekalda tee 103, Silla k\u00fcla, P\u00e4rnu linn, P\u00e4rnumaa, 86604. Gyldighed af salgsaftale, produkt- og prisoplysninger Disse salgsbetingelser g\u00e6lder for alle k\u00f8b foretaget i webshoppen. Priserne p\u00e5 produkterne er angivet ved de respektive varer. Leveringsomkostninger tilf\u00f8jes ved checkout og [&hellip;]","og_url":"https:\/\/www.riverbank.ee\/generelle-vilkaar-og-betingelser\/","og_site_name":"Riverbank","article_publisher":"https:\/\/www.facebook.com\/RiverbankVoodid","og_image":[{"width":512,"height":512,"url":"https:\/\/www.riverbank.ee\/wp-content\/uploads\/2021\/02\/cropped-favicon.png","type":"image\/png"}],"twitter_card":"summary_large_image","twitter_misc":{"Estimeret l\u00e6setid":"3 minutter"},"schema":{"@context":"https:\/\/schema.org","@graph":[{"@type":"WebPage","@id":"https:\/\/www.riverbank.ee\/generelle-vilkaar-og-betingelser\/","url":"https:\/\/www.riverbank.ee\/generelle-vilkaar-og-betingelser\/","name":"Generelle Vilk\u00e5r og Betingelser | Riverbank","isPartOf":{"@id":"https:\/\/www.riverbank.ee\/#website"},"datePublished":"2025-02-10T12:27:57+00:00","breadcrumb":{"@id":"https:\/\/www.riverbank.ee\/generelle-vilkaar-og-betingelser\/#breadcrumb"},"inLanguage":"da-DK","potentialAction":[{"@type":"ReadAction","target":["https:\/\/www.riverbank.ee\/generelle-vilkaar-og-betingelser\/"]}]},{"@type":"BreadcrumbList","@id":"https:\/\/www.riverbank.ee\/generelle-vilkaar-og-betingelser\/#breadcrumb","itemListElement":[{"@type":"ListItem","position":1,"name":"Avaleht","item":"https:\/\/www.riverbank.ee\/"},{"@type":"ListItem","position":2,"name":"Generelle Vilk\u00e5r og Betingelser"}]},{"@type":"WebSite","@id":"https:\/\/www.riverbank.ee\/#website","url":"https:\/\/www.riverbank.ee\/","name":"Riverbank","description":"Riverbank","publisher":{"@id":"https:\/\/www.riverbank.ee\/#organization"},"potentialAction":[{"@type":"SearchAction","target":{"@type":"EntryPoint","urlTemplate":"https:\/\/www.riverbank.ee\/?s={search_term_string}"},"query-input":{"@type":"PropertyValueSpecification","valueRequired":true,"valueName":"search_term_string"}}],"inLanguage":"da-DK"},{"@type":"Organization","@id":"https:\/\/www.riverbank.ee\/#organization","name":"Riverbank","url":"https:\/\/www.riverbank.ee\/","logo":{"@type":"ImageObject","inLanguage":"da-DK","@id":"https:\/\/www.riverbank.ee\/#\/schema\/logo\/image\/","url":"https:\/\/www.riverbank.ee\/wp-content\/uploads\/2021\/06\/logo-tervik.png","contentUrl":"https:\/\/www.riverbank.ee\/wp-content\/uploads\/2021\/06\/logo-tervik.png","width":2000,"height":521,"caption":"Riverbank"},"image":{"@id":"https:\/\/www.riverbank.ee\/#\/schema\/logo\/image\/"},"sameAs":["https:\/\/www.facebook.com\/RiverbankVoodid"]}]}},"_links":{"self":[{"href":"https:\/\/www.riverbank.ee\/da\/wp-json\/wp\/v2\/pages\/6447","targetHints":{"allow":["GET"]}}],"collection":[{"href":"https:\/\/www.riverbank.ee\/da\/wp-json\/wp\/v2\/pages"}],"about":[{"href":"https:\/\/www.riverbank.ee\/da\/wp-json\/wp\/v2\/types\/page"}],"author":[{"embeddable":true,"href":"https:\/\/www.riverbank.ee\/da\/wp-json\/wp\/v2\/users\/56"}],"replies":[{"embeddable":true,"href":"https:\/\/www.riverbank.ee\/da\/wp-json\/wp\/v2\/comments?post=6447"}],"version-history":[{"count":0,"href":"https:\/\/www.riverbank.ee\/da\/wp-json\/wp\/v2\/pages\/6447\/revisions"}],"wp:attachment":[{"href":"https:\/\/www.riverbank.ee\/da\/wp-json\/wp\/v2\/media?parent=6447"}],"curies":[{"name":"wp","href":"https:\/\/api.w.org\/{rel}","templated":true}]}}