{"id":6499,"date":"2025-02-11T23:01:19","date_gmt":"2025-02-11T21:01:19","guid":{"rendered":"https:\/\/www.riverbank.ee\/limede-produkter\/limtraesplader-i-eg\/"},"modified":"2025-02-23T21:56:34","modified_gmt":"2025-02-23T19:56:34","slug":"limtraesplader-i-eg","status":"publish","type":"page","link":"https:\/\/www.riverbank.ee\/da\/limede-produkter\/limtraesplader-i-eg\/","title":{"rendered":"Limtr\u00e6splader i eg"},"content":{"rendered":"\t\t<div data-elementor-type=\"wp-post\" data-elementor-id=\"6499\" class=\"elementor elementor-6499 elementor-718\" data-elementor-post-type=\"page\">\n\t\t\t\t\t\t<section class=\"elementor-section elementor-top-section elementor-element elementor-element-a656360 elementor-section-boxed elementor-section-height-default elementor-section-height-default\" data-id=\"a656360\" data-element_type=\"section\" data-e-type=\"section\">\n\t\t\t\t\t\t<div class=\"elementor-container elementor-column-gap-no\">\n\t\t\t\t\t<div class=\"elementor-column elementor-col-100 elementor-top-column elementor-element elementor-element-5f9cc6b\" data-id=\"5f9cc6b\" data-element_type=\"column\" data-e-type=\"column\">\n\t\t\t<div class=\"elementor-widget-wrap elementor-element-populated\">\n\t\t\t\t\t\t<div class=\"elementor-element elementor-element-540ed35 elementor-widget elementor-widget-image\" data-id=\"540ed35\" data-element_type=\"widget\" data-e-type=\"widget\" data-widget_type=\"image.default\">\n\t\t\t\t<div class=\"elementor-widget-container\">\n\t\t\t\t\t\t\t\t\t\t\t\t\t\t\t<img fetchpriority=\"high\" decoding=\"async\" width=\"800\" height=\"533\" src=\"https:\/\/www.riverbank.ee\/wp-content\/uploads\/2019\/04\/tammekilp1.jpg\" class=\"attachment-full size-full wp-image-6505\" alt=\"\" srcset=\"https:\/\/www.riverbank.ee\/wp-content\/uploads\/2019\/04\/tammekilp1.jpg 800w, https:\/\/www.riverbank.ee\/wp-content\/uploads\/2019\/04\/tammekilp1-300x200.jpg 300w, https:\/\/www.riverbank.ee\/wp-content\/uploads\/2019\/04\/tammekilp1-768x512.jpg 768w, https:\/\/www.riverbank.ee\/wp-content\/uploads\/2019\/04\/tammekilp1-600x400.jpg 600w\" sizes=\"(max-width: 800px) 100vw, 800px\" \/>\t\t\t\t\t\t\t\t\t\t\t\t\t\t\t<\/div>\n\t\t\t\t<\/div>\n\t\t\t\t\t<\/div>\n\t\t<\/div>\n\t\t\t\t\t<\/div>\n\t\t<\/section>\n\t\t\t\t<section class=\"elementor-section elementor-top-section elementor-element elementor-element-2582a8f9 elementor-section-boxed elementor-section-height-default elementor-section-height-default\" data-id=\"2582a8f9\" data-element_type=\"section\" data-e-type=\"section\">\n\t\t\t\t\t\t<div class=\"elementor-container elementor-column-gap-default\">\n\t\t\t\t\t<div class=\"elementor-column elementor-col-100 elementor-top-column elementor-element elementor-element-32563ea0\" data-id=\"32563ea0\" data-element_type=\"column\" data-e-type=\"column\">\n\t\t\t<div class=\"elementor-widget-wrap elementor-element-populated\">\n\t\t\t\t\t\t<div class=\"elementor-element elementor-element-3bd7171c elementor-widget elementor-widget-text-editor\" data-id=\"3bd7171c\" data-element_type=\"widget\" data-e-type=\"widget\" data-widget_type=\"text-editor.default\">\n\t\t\t\t<div class=\"elementor-widget-container\">\n\t\t\t\t\t\t\t\t\t<h2>Limtr\u00e6splader i eg<\/h2>\n<p>Eg er en traditionel tr\u00e6sort og samtidig en af de mest anvendte til fremstilling af snedkeriprodukter i varierende kompleksitet samt til gulvmaterialer. Den udm\u00e6rker sig ved sin s\u00e6rlige styrke, er modstandsdygtig over for r\u00e5d og kan formes efter behov. Tr\u00e6et har en behagelig struktur og farve og er let at bearbejde.<\/p>\n<p>Vi tilbyder kantlimede paneler i eg direkte fra vores lager!<\/p>\n<p><strong>Kvaliteter:<\/strong><\/p>\n<p><strong>AB<\/strong>: Oversiden af panelet er knastfri og har en ensartet nuance. Der kan forekomme sm\u00e5 grene og let formbart tr\u00e6 p\u00e5 undersiden.<br \/>\n<strong>Rustik<\/strong>: Ubegr\u00e6nset antal knaster er tilladt p\u00e5 begge sider, og der kan v\u00e6re ubegr\u00e6nset formbart tr\u00e6 p\u00e5 undersiden.<\/p>\n<p>Hvis du er interesseret, kontakt venligst:<br \/>\nallan@riverbank.ee<\/p>\n\t\t\t\t\t\t\t\t<\/div>\n\t\t\t\t<\/div>\n\t\t\t\t<div class=\"elementor-element elementor-element-eb03017 elementor-widget elementor-widget-image\" data-id=\"eb03017\" data-element_type=\"widget\" data-e-type=\"widget\" data-widget_type=\"image.default\">\n\t\t\t\t<div class=\"elementor-widget-container\">\n\t\t\t\t\t\t\t\t\t\t\t\t\t\t\t<img decoding=\"async\" width=\"800\" height=\"351\" src=\"https:\/\/www.riverbank.ee\/wp-content\/uploads\/2019\/08\/untitled.jpg\" class=\"attachment-large size-large wp-image-6506\" alt=\"\" srcset=\"https:\/\/www.riverbank.ee\/wp-content\/uploads\/2019\/08\/untitled.jpg 800w, https:\/\/www.riverbank.ee\/wp-content\/uploads\/2019\/08\/untitled-300x132.jpg 300w, https:\/\/www.riverbank.ee\/wp-content\/uploads\/2019\/08\/untitled-768x337.jpg 768w, https:\/\/www.riverbank.ee\/wp-content\/uploads\/2019\/08\/untitled-600x263.jpg 600w\" sizes=\"(max-width: 800px) 100vw, 800px\" \/>\t\t\t\t\t\t\t\t\t\t\t\t\t\t\t<\/div>\n\t\t\t\t<\/div>\n\t\t\t\t\t<\/div>\n\t\t<\/div>\n\t\t\t\t\t<\/div>\n\t\t<\/section>\n\t\t\t\t<section class=\"elementor-section elementor-top-section elementor-element elementor-element-d840d72 elementor-section-boxed elementor-section-height-default elementor-section-height-default\" data-id=\"d840d72\" data-element_type=\"section\" data-e-type=\"section\">\n\t\t\t\t\t\t<div class=\"elementor-container elementor-column-gap-default\">\n\t\t\t\t\t<div class=\"elementor-column elementor-col-33 elementor-top-column elementor-element elementor-element-2b22296\" data-id=\"2b22296\" data-element_type=\"column\" data-e-type=\"column\">\n\t\t\t<div class=\"elementor-widget-wrap elementor-element-populated\">\n\t\t\t\t\t\t<div class=\"elementor-element elementor-element-dc9224c elementor-widget elementor-widget-image\" data-id=\"dc9224c\" data-element_type=\"widget\" data-e-type=\"widget\" data-widget_type=\"image.default\">\n\t\t\t\t<div class=\"elementor-widget-container\">\n\t\t\t\t\t\t\t\t\t\t\t\t\t\t\t<img decoding=\"async\" width=\"600\" height=\"340\" src=\"https:\/\/www.riverbank.ee\/wp-content\/uploads\/2019\/04\/sormjatk.jpg\" class=\"attachment-full size-full wp-image-6501\" alt=\"\" srcset=\"https:\/\/www.riverbank.ee\/wp-content\/uploads\/2019\/04\/sormjatk.jpg 600w, https:\/\/www.riverbank.ee\/wp-content\/uploads\/2019\/04\/sormjatk-300x170.jpg 300w\" sizes=\"(max-width: 600px) 100vw, 600px\" \/>\t\t\t\t\t\t\t\t\t\t\t\t\t\t\t<\/div>\n\t\t\t\t<\/div>\n\t\t\t\t\t<\/div>\n\t\t<\/div>\n\t\t\t\t<div class=\"elementor-column elementor-col-66 elementor-top-column elementor-element elementor-element-62c1d98\" data-id=\"62c1d98\" data-element_type=\"column\" data-e-type=\"column\">\n\t\t\t<div class=\"elementor-widget-wrap elementor-element-populated\">\n\t\t\t\t\t\t<div class=\"elementor-element elementor-element-4536fae elementor-widget elementor-widget-text-editor\" data-id=\"4536fae\" data-element_type=\"widget\" data-e-type=\"widget\" data-widget_type=\"text-editor.default\">\n\t\t\t\t<div class=\"elementor-widget-container\">\n\t\t\t\t\t\t\t\t\t<h3>Fingersamlede kantlimede paneler<\/h3>\r\nFingersamlede limtr\u00e6splader fremstilles ved at lime tr\u00e6stykker sammen med en kamformet samling (fingersamling). Fingersamlet tr\u00e6 anvendes ogs\u00e5 bredt til fremstilling af vindues- og d\u00f8rkarme, hvor pr\u00e6cise dimensioner spiller en mindre rolle end ved massivt tr\u00e6 \u2013 is\u00e6r under forhold med store temperaturforskelle mellem indend\u00f8rs og udend\u00f8rs milj\u00f8er.\r\n\r\nFingersamlet materiale er billigere end produkter, der er limet af lameller i fuld l\u00e6ngde, da produktionen kan udnytte overskydende tr\u00e6. I enhver tr\u00e6produktion opst\u00e5r der et naturligt overskud, som kan genanvendes til fingersamling.\r\n\r\nDe mindre egnede dele af tr\u00e6et, s\u00e5som knaster, harpiksrester, revner og uregelm\u00e6ssige \u00e5rer, fjernes. Derefter samles det bedste materiale ved fingersamling. Set fra siden af pladen kan samlingen ses som en tynd stribe, men den p\u00e5virker ikke panelets samlede visuelle udtryk.\t\t\t\t\t\t\t\t<\/div>\n\t\t\t\t<\/div>\n\t\t\t\t\t<\/div>\n\t\t<\/div>\n\t\t\t\t\t<\/div>\n\t\t<\/section>\n\t\t\t\t<section class=\"elementor-section elementor-top-section elementor-element elementor-element-e2c20f0 elementor-section-boxed elementor-section-height-default elementor-section-height-default\" data-id=\"e2c20f0\" data-element_type=\"section\" data-e-type=\"section\">\n\t\t\t\t\t\t<div class=\"elementor-container elementor-column-gap-default\">\n\t\t\t\t\t<div class=\"elementor-column elementor-col-33 elementor-top-column elementor-element elementor-element-8db3f8f\" data-id=\"8db3f8f\" data-element_type=\"column\" data-e-type=\"column\">\n\t\t\t<div class=\"elementor-widget-wrap elementor-element-populated\">\n\t\t\t\t\t\t<div class=\"elementor-element elementor-element-884a01c elementor-widget elementor-widget-image\" data-id=\"884a01c\" data-element_type=\"widget\" data-e-type=\"widget\" data-widget_type=\"image.default\">\n\t\t\t\t<div class=\"elementor-widget-container\">\n\t\t\t\t\t\t\t\t\t\t\t\t\t\t\t<img loading=\"lazy\" decoding=\"async\" width=\"600\" height=\"340\" src=\"https:\/\/www.riverbank.ee\/wp-content\/uploads\/2019\/04\/laminated-1.jpg\" class=\"attachment-full size-full wp-image-6502\" alt=\"\" srcset=\"https:\/\/www.riverbank.ee\/wp-content\/uploads\/2019\/04\/laminated-1.jpg 600w, https:\/\/www.riverbank.ee\/wp-content\/uploads\/2019\/04\/laminated-1-300x170.jpg 300w\" sizes=\"(max-width: 600px) 100vw, 600px\" \/>\t\t\t\t\t\t\t\t\t\t\t\t\t\t\t<\/div>\n\t\t\t\t<\/div>\n\t\t\t\t\t<\/div>\n\t\t<\/div>\n\t\t\t\t<div class=\"elementor-column elementor-col-66 elementor-top-column elementor-element elementor-element-a5466d4\" data-id=\"a5466d4\" data-element_type=\"column\" data-e-type=\"column\">\n\t\t\t<div class=\"elementor-widget-wrap elementor-element-populated\">\n\t\t\t\t\t\t<div class=\"elementor-element elementor-element-624b689 elementor-widget elementor-widget-text-editor\" data-id=\"624b689\" data-element_type=\"widget\" data-e-type=\"widget\" data-widget_type=\"text-editor.default\">\n\t\t\t\t<div class=\"elementor-widget-container\">\n\t\t\t\t\t\t\t\t\t<h3>Kantlimede paneler med fuld lamel<\/h3>\r\nDenne type panel er et kvalitetsvalg, der skaber et indtryk af en bred, ensartet tr\u00e6plade. Produktionen anvender kun de bedste, ubeskadigede, lange emner. Det er b\u00e5de mere kr\u00e6vende og dyrere at fremskaffe denne type tr\u00e6, hvilket betyder, at prisen pr. kvadratmeter stiger i takt med emnets l\u00e6ngde.\r\n\r\nDetaljer om kantlimede paneler\r\nEt limet element er en komponent, der enten best\u00e5r af flere sammenlimede dele eller er fremstillet af \u00e9t enkelt stykke r\u00e5materiale. Det kan blandt andet anvendes i produktionen af trapper eller m\u00f8bler, s\u00e5som bordben. Denne type element er et halvfabrikat, der fremstilles i standardiserede dimensioner.\t\t\t\t\t\t\t\t<\/div>\n\t\t\t\t<\/div>\n\t\t\t\t\t<\/div>\n\t\t<\/div>\n\t\t\t\t\t<\/div>\n\t\t<\/section>\n\t\t\t\t<\/div>\n\t\t","protected":false},"excerpt":{"rendered":"<p>Limtr\u00e6splader i eg Eg er en traditionel tr\u00e6sort og samtidig en af de mest anvendte til fremstilling af snedkeriprodukter i varierende kompleksitet samt til gulvmaterialer. Den udm\u00e6rker sig ved sin s\u00e6rlige styrke, er modstandsdygtig over for r\u00e5d og kan formes efter behov. Tr\u00e6et har en behagelig struktur og farve og er let at bearbejde. Vi [&hellip;]<\/p>\n","protected":false},"author":56,"featured_media":0,"parent":6453,"menu_order":0,"comment_status":"closed","ping_status":"closed","template":"","meta":{"ngg_post_thumbnail":0,"ocean_post_layout":"","ocean_both_sidebars_style":"","ocean_both_sidebars_content_width":0,"ocean_both_sidebars_sidebars_width":0,"ocean_sidebar":"0","ocean_second_sidebar":"0","ocean_disable_margins":"enable","ocean_add_body_class":"","ocean_shortcode_before_top_bar":"","ocean_shortcode_after_top_bar":"","ocean_shortcode_before_header":"","ocean_shortcode_after_header":"","ocean_has_shortcode":"","ocean_shortcode_after_title":"","ocean_shortcode_before_footer_widgets":"","ocean_shortcode_after_footer_widgets":"","ocean_shortcode_before_footer_bottom":"","ocean_shortcode_after_footer_bottom":"","ocean_display_top_bar":"default","ocean_display_header":"default","ocean_header_style":"","ocean_center_header_left_menu":"0","ocean_custom_header_template":"0","ocean_custom_logo":0,"ocean_custom_retina_logo":0,"ocean_custom_logo_max_width":0,"ocean_custom_logo_tablet_max_width":0,"ocean_custom_logo_mobile_max_width":0,"ocean_custom_logo_max_height":0,"ocean_custom_logo_tablet_max_height":0,"ocean_custom_logo_mobile_max_height":0,"ocean_header_custom_menu":"0","ocean_menu_typo_font_family":"0","ocean_menu_typo_font_subset":"","ocean_menu_typo_font_size":0,"ocean_menu_typo_font_size_tablet":0,"ocean_menu_typo_font_size_mobile":0,"ocean_menu_typo_font_size_unit":"px","ocean_menu_typo_font_weight":"","ocean_menu_typo_font_weight_tablet":"","ocean_menu_typo_font_weight_mobile":"","ocean_menu_typo_transform":"","ocean_menu_typo_transform_tablet":"","ocean_menu_typo_transform_mobile":"","ocean_menu_typo_line_height":0,"ocean_menu_typo_line_height_tablet":0,"ocean_menu_typo_line_height_mobile":0,"ocean_menu_typo_line_height_unit":"","ocean_menu_typo_spacing":0,"ocean_menu_typo_spacing_tablet":0,"ocean_menu_typo_spacing_mobile":0,"ocean_menu_typo_spacing_unit":"","ocean_menu_link_color":"","ocean_menu_link_color_hover":"","ocean_menu_link_color_active":"","ocean_menu_link_background":"","ocean_menu_link_hover_background":"","ocean_menu_link_active_background":"","ocean_menu_social_links_bg":"","ocean_menu_social_hover_links_bg":"","ocean_menu_social_links_color":"","ocean_menu_social_hover_links_color":"","ocean_disable_title":"default","ocean_disable_heading":"default","ocean_post_title":"","ocean_post_subheading":"","ocean_post_title_style":"","ocean_post_title_background_color":"","ocean_post_title_background":0,"ocean_post_title_bg_image_position":"","ocean_post_title_bg_image_attachment":"","ocean_post_title_bg_image_repeat":"","ocean_post_title_bg_image_size":"","ocean_post_title_height":0,"ocean_post_title_bg_overlay":0.5,"ocean_post_title_bg_overlay_color":"","ocean_disable_breadcrumbs":"default","ocean_breadcrumbs_color":"","ocean_breadcrumbs_separator_color":"","ocean_breadcrumbs_links_color":"","ocean_breadcrumbs_links_hover_color":"","ocean_display_footer_widgets":"default","ocean_display_footer_bottom":"default","ocean_custom_footer_template":"0","osh_disable_topbar_sticky":"default","osh_disable_header_sticky":"default","osh_sticky_header_style":"default","osh_sticky_header_effect":"","osh_custom_sticky_logo":0,"osh_custom_retina_sticky_logo":0,"osh_custom_sticky_logo_height":0,"osh_background_color":"","osh_links_color":"","osh_links_hover_color":"","osh_links_active_color":"","osh_links_bg_color":"","osh_links_hover_bg_color":"","osh_links_active_bg_color":"","osh_menu_social_links_color":"","osh_menu_social_hover_links_color":"","footnotes":""},"class_list":["post-6499","page","type-page","status-publish","hentry","entry","owp-thumbs-layout-horizontal","owp-btn-normal","owp-tabs-layout-horizontal","has-no-thumbnails","has-product-nav","circle-sale"],"yoast_head":"<!-- This site is optimized with the Yoast SEO plugin v27.2 - https:\/\/yoast.com\/product\/yoast-seo-wordpress\/ -->\n<title>Limtr\u00e6splader i eg | Riverbank<\/title>\n<meta name=\"robots\" content=\"index, follow, max-snippet:-1, max-image-preview:large, max-video-preview:-1\" \/>\n<link rel=\"canonical\" href=\"https:\/\/www.riverbank.ee\/liimpuittooted\/tamme-liimpuit\/\" \/>\n<meta property=\"og:locale\" content=\"da_DK\" \/>\n<meta property=\"og:type\" content=\"article\" \/>\n<meta property=\"og:title\" content=\"Limtr\u00e6splader i eg | Riverbank\" \/>\n<meta property=\"og:description\" content=\"Limtr\u00e6splader i eg Eg er en traditionel tr\u00e6sort og samtidig en af de mest anvendte til fremstilling af snedkeriprodukter i varierende kompleksitet samt til gulvmaterialer. Den udm\u00e6rker sig ved sin s\u00e6rlige styrke, er modstandsdygtig over for r\u00e5d og kan formes efter behov. Tr\u00e6et har en behagelig struktur og farve og er let at bearbejde. Vi [&hellip;]\" \/>\n<meta property=\"og:url\" content=\"https:\/\/www.riverbank.ee\/liimpuittooted\/tamme-liimpuit\/\" \/>\n<meta property=\"og:site_name\" content=\"Riverbank\" \/>\n<meta property=\"article:publisher\" content=\"https:\/\/www.facebook.com\/RiverbankVoodid\" \/>\n<meta property=\"article:modified_time\" content=\"2025-02-23T19:56:34+00:00\" \/>\n<meta property=\"og:image\" content=\"https:\/\/www.riverbank.ee\/wp-content\/uploads\/2019\/04\/tammekilp1.jpg\" \/>\n\t<meta property=\"og:image:width\" content=\"800\" \/>\n\t<meta property=\"og:image:height\" content=\"533\" \/>\n\t<meta property=\"og:image:type\" content=\"image\/jpeg\" \/>\n<meta name=\"twitter:card\" content=\"summary_large_image\" \/>\n<meta name=\"twitter:label1\" content=\"Estimeret l\u00e6setid\" \/>\n\t<meta name=\"twitter:data1\" content=\"2 minutter\" \/>\n<script type=\"application\/ld+json\" class=\"yoast-schema-graph\">{\"@context\":\"https:\/\/schema.org\",\"@graph\":[{\"@type\":\"WebPage\",\"@id\":\"https:\/\/www.riverbank.ee\/liimpuittooted\/tamme-liimpuit\/\",\"url\":\"https:\/\/www.riverbank.ee\/liimpuittooted\/tamme-liimpuit\/\",\"name\":\"Limtr\u00e6splader i eg | Riverbank\",\"isPartOf\":{\"@id\":\"https:\/\/www.riverbank.ee\/#website\"},\"primaryImageOfPage\":{\"@id\":\"https:\/\/www.riverbank.ee\/liimpuittooted\/tamme-liimpuit\/#primaryimage\"},\"image\":{\"@id\":\"https:\/\/www.riverbank.ee\/liimpuittooted\/tamme-liimpuit\/#primaryimage\"},\"thumbnailUrl\":\"https:\/\/www.riverbank.ee\/wp-content\/uploads\/2019\/04\/tammekilp1.jpg\",\"datePublished\":\"2025-02-11T21:01:19+00:00\",\"dateModified\":\"2025-02-23T19:56:34+00:00\",\"breadcrumb\":{\"@id\":\"https:\/\/www.riverbank.ee\/liimpuittooted\/tamme-liimpuit\/#breadcrumb\"},\"inLanguage\":\"da-DK\",\"potentialAction\":[{\"@type\":\"ReadAction\",\"target\":[\"https:\/\/www.riverbank.ee\/liimpuittooted\/tamme-liimpuit\/\"]}]},{\"@type\":\"ImageObject\",\"inLanguage\":\"da-DK\",\"@id\":\"https:\/\/www.riverbank.ee\/liimpuittooted\/tamme-liimpuit\/#primaryimage\",\"url\":\"https:\/\/www.riverbank.ee\/wp-content\/uploads\/2019\/04\/tammekilp1.jpg\",\"contentUrl\":\"https:\/\/www.riverbank.ee\/wp-content\/uploads\/2019\/04\/tammekilp1.jpg\"},{\"@type\":\"BreadcrumbList\",\"@id\":\"https:\/\/www.riverbank.ee\/liimpuittooted\/tamme-liimpuit\/#breadcrumb\",\"itemListElement\":[{\"@type\":\"ListItem\",\"position\":1,\"name\":\"Avaleht\",\"item\":\"https:\/\/www.riverbank.ee\/\"},{\"@type\":\"ListItem\",\"position\":2,\"name\":\"Limede produkter\",\"item\":\"https:\/\/www.riverbank.ee\/liimpuittooted\/\"},{\"@type\":\"ListItem\",\"position\":3,\"name\":\"Limtr\u00e6splader i eg\"}]},{\"@type\":\"WebSite\",\"@id\":\"https:\/\/www.riverbank.ee\/#website\",\"url\":\"https:\/\/www.riverbank.ee\/\",\"name\":\"Riverbank\",\"description\":\"Riverbank\",\"publisher\":{\"@id\":\"https:\/\/www.riverbank.ee\/#organization\"},\"potentialAction\":[{\"@type\":\"SearchAction\",\"target\":{\"@type\":\"EntryPoint\",\"urlTemplate\":\"https:\/\/www.riverbank.ee\/?s={search_term_string}\"},\"query-input\":{\"@type\":\"PropertyValueSpecification\",\"valueRequired\":true,\"valueName\":\"search_term_string\"}}],\"inLanguage\":\"da-DK\"},{\"@type\":\"Organization\",\"@id\":\"https:\/\/www.riverbank.ee\/#organization\",\"name\":\"Riverbank\",\"url\":\"https:\/\/www.riverbank.ee\/\",\"logo\":{\"@type\":\"ImageObject\",\"inLanguage\":\"da-DK\",\"@id\":\"https:\/\/www.riverbank.ee\/#\/schema\/logo\/image\/\",\"url\":\"https:\/\/www.riverbank.ee\/wp-content\/uploads\/2021\/06\/logo-tervik.png\",\"contentUrl\":\"https:\/\/www.riverbank.ee\/wp-content\/uploads\/2021\/06\/logo-tervik.png\",\"width\":2000,\"height\":521,\"caption\":\"Riverbank\"},\"image\":{\"@id\":\"https:\/\/www.riverbank.ee\/#\/schema\/logo\/image\/\"},\"sameAs\":[\"https:\/\/www.facebook.com\/RiverbankVoodid\"]}]}<\/script>\n<!-- \/ Yoast SEO plugin. -->","yoast_head_json":{"title":"Limtr\u00e6splader i eg | Riverbank","robots":{"index":"index","follow":"follow","max-snippet":"max-snippet:-1","max-image-preview":"max-image-preview:large","max-video-preview":"max-video-preview:-1"},"canonical":"https:\/\/www.riverbank.ee\/liimpuittooted\/tamme-liimpuit\/","og_locale":"da_DK","og_type":"article","og_title":"Limtr\u00e6splader i eg | Riverbank","og_description":"Limtr\u00e6splader i eg Eg er en traditionel tr\u00e6sort og samtidig en af de mest anvendte til fremstilling af snedkeriprodukter i varierende kompleksitet samt til gulvmaterialer. Den udm\u00e6rker sig ved sin s\u00e6rlige styrke, er modstandsdygtig over for r\u00e5d og kan formes efter behov. Tr\u00e6et har en behagelig struktur og farve og er let at bearbejde. Vi [&hellip;]","og_url":"https:\/\/www.riverbank.ee\/liimpuittooted\/tamme-liimpuit\/","og_site_name":"Riverbank","article_publisher":"https:\/\/www.facebook.com\/RiverbankVoodid","article_modified_time":"2025-02-23T19:56:34+00:00","og_image":[{"width":800,"height":533,"url":"https:\/\/www.riverbank.ee\/wp-content\/uploads\/2019\/04\/tammekilp1.jpg","type":"image\/jpeg"}],"twitter_card":"summary_large_image","twitter_misc":{"Estimeret l\u00e6setid":"2 minutter"},"schema":{"@context":"https:\/\/schema.org","@graph":[{"@type":"WebPage","@id":"https:\/\/www.riverbank.ee\/liimpuittooted\/tamme-liimpuit\/","url":"https:\/\/www.riverbank.ee\/liimpuittooted\/tamme-liimpuit\/","name":"Limtr\u00e6splader i eg | Riverbank","isPartOf":{"@id":"https:\/\/www.riverbank.ee\/#website"},"primaryImageOfPage":{"@id":"https:\/\/www.riverbank.ee\/liimpuittooted\/tamme-liimpuit\/#primaryimage"},"image":{"@id":"https:\/\/www.riverbank.ee\/liimpuittooted\/tamme-liimpuit\/#primaryimage"},"thumbnailUrl":"https:\/\/www.riverbank.ee\/wp-content\/uploads\/2019\/04\/tammekilp1.jpg","datePublished":"2025-02-11T21:01:19+00:00","dateModified":"2025-02-23T19:56:34+00:00","breadcrumb":{"@id":"https:\/\/www.riverbank.ee\/liimpuittooted\/tamme-liimpuit\/#breadcrumb"},"inLanguage":"da-DK","potentialAction":[{"@type":"ReadAction","target":["https:\/\/www.riverbank.ee\/liimpuittooted\/tamme-liimpuit\/"]}]},{"@type":"ImageObject","inLanguage":"da-DK","@id":"https:\/\/www.riverbank.ee\/liimpuittooted\/tamme-liimpuit\/#primaryimage","url":"https:\/\/www.riverbank.ee\/wp-content\/uploads\/2019\/04\/tammekilp1.jpg","contentUrl":"https:\/\/www.riverbank.ee\/wp-content\/uploads\/2019\/04\/tammekilp1.jpg"},{"@type":"BreadcrumbList","@id":"https:\/\/www.riverbank.ee\/liimpuittooted\/tamme-liimpuit\/#breadcrumb","itemListElement":[{"@type":"ListItem","position":1,"name":"Avaleht","item":"https:\/\/www.riverbank.ee\/"},{"@type":"ListItem","position":2,"name":"Limede produkter","item":"https:\/\/www.riverbank.ee\/liimpuittooted\/"},{"@type":"ListItem","position":3,"name":"Limtr\u00e6splader i eg"}]},{"@type":"WebSite","@id":"https:\/\/www.riverbank.ee\/#website","url":"https:\/\/www.riverbank.ee\/","name":"Riverbank","description":"Riverbank","publisher":{"@id":"https:\/\/www.riverbank.ee\/#organization"},"potentialAction":[{"@type":"SearchAction","target":{"@type":"EntryPoint","urlTemplate":"https:\/\/www.riverbank.ee\/?s={search_term_string}"},"query-input":{"@type":"PropertyValueSpecification","valueRequired":true,"valueName":"search_term_string"}}],"inLanguage":"da-DK"},{"@type":"Organization","@id":"https:\/\/www.riverbank.ee\/#organization","name":"Riverbank","url":"https:\/\/www.riverbank.ee\/","logo":{"@type":"ImageObject","inLanguage":"da-DK","@id":"https:\/\/www.riverbank.ee\/#\/schema\/logo\/image\/","url":"https:\/\/www.riverbank.ee\/wp-content\/uploads\/2021\/06\/logo-tervik.png","contentUrl":"https:\/\/www.riverbank.ee\/wp-content\/uploads\/2021\/06\/logo-tervik.png","width":2000,"height":521,"caption":"Riverbank"},"image":{"@id":"https:\/\/www.riverbank.ee\/#\/schema\/logo\/image\/"},"sameAs":["https:\/\/www.facebook.com\/RiverbankVoodid"]}]}},"_links":{"self":[{"href":"https:\/\/www.riverbank.ee\/da\/wp-json\/wp\/v2\/pages\/6499","targetHints":{"allow":["GET"]}}],"collection":[{"href":"https:\/\/www.riverbank.ee\/da\/wp-json\/wp\/v2\/pages"}],"about":[{"href":"https:\/\/www.riverbank.ee\/da\/wp-json\/wp\/v2\/types\/page"}],"author":[{"embeddable":true,"href":"https:\/\/www.riverbank.ee\/da\/wp-json\/wp\/v2\/users\/56"}],"replies":[{"embeddable":true,"href":"https:\/\/www.riverbank.ee\/da\/wp-json\/wp\/v2\/comments?post=6499"}],"version-history":[{"count":2,"href":"https:\/\/www.riverbank.ee\/da\/wp-json\/wp\/v2\/pages\/6499\/revisions"}],"predecessor-version":[{"id":7128,"href":"https:\/\/www.riverbank.ee\/da\/wp-json\/wp\/v2\/pages\/6499\/revisions\/7128"}],"up":[{"embeddable":true,"href":"https:\/\/www.riverbank.ee\/da\/wp-json\/wp\/v2\/pages\/6453"}],"wp:attachment":[{"href":"https:\/\/www.riverbank.ee\/da\/wp-json\/wp\/v2\/media?parent=6499"}],"curies":[{"name":"wp","href":"https:\/\/api.w.org\/{rel}","templated":true}]}}