{"id":6609,"date":"2023-07-23T15:38:20","date_gmt":"2023-07-23T12:38:20","guid":{"rendered":"https:\/\/www.riverbank.ee\/koik-tooted\/akustisk-vaegpanel-40-mm-lister-240x60-naturlig-eg\/"},"modified":"2025-02-12T18:05:06","modified_gmt":"2025-02-12T16:05:06","slug":"akustisk-vaegpanel-40-mm-lister-240x60-naturlig-eg","status":"publish","type":"product","link":"https:\/\/www.riverbank.ee\/da\/koik-tooted\/akustisk-vaegpanel-40-mm-lister-240x60-naturlig-eg\/","title":{"rendered":"Akustisk v\u00e6gpanel \u2013 40 mm lister \u2013 240\u00d760 \u2013 naturlig eg"},"content":{"rendered":"<ul>\n<li>L\u00e6ngde: 2400mm<\/li>\n<li>Bredde: 600mm<\/li>\n<li style=\"text-align: left;\">Tykkelse: 21mm<\/li>\n<li style=\"text-align: left;\">Tr\u00e6liste bredde: 40mm<\/li>\n<li style=\"text-align: left;\">1 panel d\u00e6kker 1.44m\u00b2<\/li>\n<\/ul>\n","protected":false},"excerpt":{"rendered":"<p>Akustiske paneler er en praktisk og stilfuld m\u00e5de at g\u00f8re rum mere lydisolerede og hyggelige. De er fremstillet af filt og naturligt massivt tr\u00e6, som hj\u00e6lper med at sprede og absorbere lydb\u00f8lger, hvilket reducerer ekko.<\/p>\n<p>Tr\u00e6listerne giver rummet et varmt og naturligt udseende og tilf\u00f8rer en smule naturlig stil og elegance til enhver indretning. Disse paneler er ikke kun praktiske, men ogs\u00e5 smukke dekorative elementer, der passer ind i n\u00e6sten enhver atmosf\u00e6re. Uanset om det er et konferencerum, et kontor, en restaurant eller et andet offentligt sted, skaber de akustiske paneler en rolig og behagelig lydoplevelse, samtidig med at de giver rummet et stilfuldt og moderne udtryk.<\/p>\n","protected":false},"featured_media":6943,"comment_status":"open","ping_status":"closed","template":"","meta":{"ngg_post_thumbnail":0,"ocean_post_layout":"","ocean_both_sidebars_style":"","ocean_both_sidebars_content_width":0,"ocean_both_sidebars_sidebars_width":0,"ocean_sidebar":"0","ocean_second_sidebar":"0","ocean_disable_margins":"enable","ocean_add_body_class":"","ocean_shortcode_before_top_bar":"","ocean_shortcode_after_top_bar":"","ocean_shortcode_before_header":"","ocean_shortcode_after_header":"","ocean_has_shortcode":"","ocean_shortcode_after_title":"","ocean_shortcode_before_footer_widgets":"","ocean_shortcode_after_footer_widgets":"","ocean_shortcode_before_footer_bottom":"","ocean_shortcode_after_footer_bottom":"","ocean_display_top_bar":"default","ocean_display_header":"default","ocean_header_style":"","ocean_center_header_left_menu":"0","ocean_custom_header_template":"0","ocean_custom_logo":0,"ocean_custom_retina_logo":0,"ocean_custom_logo_max_width":0,"ocean_custom_logo_tablet_max_width":0,"ocean_custom_logo_mobile_max_width":0,"ocean_custom_logo_max_height":0,"ocean_custom_logo_tablet_max_height":0,"ocean_custom_logo_mobile_max_height":0,"ocean_header_custom_menu":"0","ocean_menu_typo_font_family":"0","ocean_menu_typo_font_subset":"","ocean_menu_typo_font_size":0,"ocean_menu_typo_font_size_tablet":0,"ocean_menu_typo_font_size_mobile":0,"ocean_menu_typo_font_size_unit":"px","ocean_menu_typo_font_weight":"","ocean_menu_typo_font_weight_tablet":"","ocean_menu_typo_font_weight_mobile":"","ocean_menu_typo_transform":"","ocean_menu_typo_transform_tablet":"","ocean_menu_typo_transform_mobile":"","ocean_menu_typo_line_height":0,"ocean_menu_typo_line_height_tablet":0,"ocean_menu_typo_line_height_mobile":0,"ocean_menu_typo_line_height_unit":"","ocean_menu_typo_spacing":0,"ocean_menu_typo_spacing_tablet":0,"ocean_menu_typo_spacing_mobile":0,"ocean_menu_typo_spacing_unit":"","ocean_menu_link_color":"","ocean_menu_link_color_hover":"","ocean_menu_link_color_active":"","ocean_menu_link_background":"","ocean_menu_link_hover_background":"","ocean_menu_link_active_background":"","ocean_menu_social_links_bg":"","ocean_menu_social_hover_links_bg":"","ocean_menu_social_links_color":"","ocean_menu_social_hover_links_color":"","ocean_disable_title":"default","ocean_disable_heading":"default","ocean_post_title":"","ocean_post_subheading":"","ocean_post_title_style":"","ocean_post_title_background_color":"","ocean_post_title_background":0,"ocean_post_title_bg_image_position":"","ocean_post_title_bg_image_attachment":"","ocean_post_title_bg_image_repeat":"","ocean_post_title_bg_image_size":"","ocean_post_title_height":0,"ocean_post_title_bg_overlay":0.5,"ocean_post_title_bg_overlay_color":"","ocean_disable_breadcrumbs":"default","ocean_breadcrumbs_color":"","ocean_breadcrumbs_separator_color":"","ocean_breadcrumbs_links_color":"","ocean_breadcrumbs_links_hover_color":"","ocean_display_footer_widgets":"default","ocean_display_footer_bottom":"default","ocean_custom_footer_template":"0","osh_disable_topbar_sticky":"default","osh_disable_header_sticky":"default","osh_sticky_header_style":"default","osh_sticky_header_effect":"","osh_custom_sticky_logo":0,"osh_custom_retina_sticky_logo":0,"osh_custom_sticky_logo_height":0,"osh_background_color":"","osh_links_color":"","osh_links_hover_color":"","osh_links_active_color":"","osh_links_bg_color":"","osh_links_hover_bg_color":"","osh_links_active_bg_color":"","osh_menu_social_links_color":"","osh_menu_social_hover_links_color":""},"product_brand":[],"product_cat":[166],"product_tag":[],"class_list":{"0":"post-6609","1":"product","2":"type-product","3":"status-publish","4":"has-post-thumbnail","6":"product_cat-akustiske-vaegpaneler","8":"entry","9":"has-media","11":"first","12":"instock","13":"taxable","14":"shipping-taxable","15":"purchasable","16":"product-type-variable","17":"has-product-nav","18":"col","19":"span_1_of_3","20":"owp-content-left","21":"owp-thumbs-layout-horizontal","22":"owp-btn-normal","23":"owp-tabs-layout-horizontal","25":"circle-sale"},"yoast_head":"<!-- This site is optimized with the Yoast SEO plugin v27.2 - https:\/\/yoast.com\/product\/yoast-seo-wordpress\/ -->\n<title>Akustisk v\u00e6gpanel \u2013 40 mm lister \u2013 240\u00d760 \u2013 naturlig eg | Riverbank<\/title>\n<meta name=\"robots\" content=\"noindex, follow\" \/>\n<meta property=\"og:locale\" content=\"da_DK\" \/>\n<meta property=\"og:type\" content=\"article\" \/>\n<meta property=\"og:title\" content=\"Akustisk v\u00e6gpanel \u2013 40 mm lister \u2013 240\u00d760 \u2013 naturlig eg | Riverbank\" \/>\n<meta property=\"og:description\" content=\"Akustiske paneler er en praktisk og stilfuld m\u00e5de at g\u00f8re rum mere lydisolerede og hyggelige. De er fremstillet af filt og naturligt massivt tr\u00e6, som hj\u00e6lper med at sprede og absorbere lydb\u00f8lger, hvilket reducerer ekko.  Tr\u00e6listerne giver rummet et varmt og naturligt udseende og tilf\u00f8rer en smule naturlig stil og elegance til enhver indretning. Disse paneler er ikke kun praktiske, men ogs\u00e5 smukke dekorative elementer, der passer ind i n\u00e6sten enhver atmosf\u00e6re. Uanset om det er et konferencerum, et kontor, en restaurant eller et andet offentligt sted, skaber de akustiske paneler en rolig og behagelig lydoplevelse, samtidig med at de giver rummet et stilfuldt og moderne udtryk.\" \/>\n<meta property=\"og:url\" content=\"https:\/\/www.riverbank.ee\/da\/koik-tooted\/akustisk-vaegpanel-40-mm-lister-240x60-naturlig-eg\/\" \/>\n<meta property=\"og:site_name\" content=\"Riverbank\" \/>\n<meta property=\"article:publisher\" content=\"https:\/\/www.facebook.com\/RiverbankVoodid\" \/>\n<meta property=\"article:modified_time\" content=\"2025-02-12T16:05:06+00:00\" \/>\n<meta property=\"og:image\" content=\"https:\/\/www.riverbank.ee\/wp-content\/uploads\/2023\/07\/4Q6A7995-scaled.jpg\" \/>\n\t<meta property=\"og:image:width\" content=\"1707\" \/>\n\t<meta property=\"og:image:height\" content=\"2560\" \/>\n\t<meta property=\"og:image:type\" content=\"image\/jpeg\" \/>\n<meta name=\"twitter:card\" content=\"summary_large_image\" \/>\n<script type=\"application\/ld+json\" class=\"yoast-schema-graph\">{\"@context\":\"https:\/\/schema.org\",\"@graph\":[{\"@type\":\"WebPage\",\"@id\":\"https:\/\/www.riverbank.ee\/da\/koik-tooted\/akustisk-vaegpanel-40-mm-lister-240x60-naturlig-eg\/\",\"url\":\"https:\/\/www.riverbank.ee\/da\/koik-tooted\/akustisk-vaegpanel-40-mm-lister-240x60-naturlig-eg\/\",\"name\":\"Akustisk v\u00e6gpanel \u2013 40 mm lister \u2013 240\u00d760 \u2013 naturlig eg | Riverbank\",\"isPartOf\":{\"@id\":\"https:\/\/www.riverbank.ee\/#website\"},\"primaryImageOfPage\":{\"@id\":\"https:\/\/www.riverbank.ee\/da\/koik-tooted\/akustisk-vaegpanel-40-mm-lister-240x60-naturlig-eg\/#primaryimage\"},\"image\":{\"@id\":\"https:\/\/www.riverbank.ee\/da\/koik-tooted\/akustisk-vaegpanel-40-mm-lister-240x60-naturlig-eg\/#primaryimage\"},\"thumbnailUrl\":\"https:\/\/www.riverbank.ee\/wp-content\/uploads\/2023\/07\/4Q6A7995-scaled.jpg\",\"datePublished\":\"2023-07-23T12:38:20+00:00\",\"dateModified\":\"2025-02-12T16:05:06+00:00\",\"breadcrumb\":{\"@id\":\"https:\/\/www.riverbank.ee\/da\/koik-tooted\/akustisk-vaegpanel-40-mm-lister-240x60-naturlig-eg\/#breadcrumb\"},\"inLanguage\":\"da-DK\",\"potentialAction\":[{\"@type\":\"ReadAction\",\"target\":[\"https:\/\/www.riverbank.ee\/da\/koik-tooted\/akustisk-vaegpanel-40-mm-lister-240x60-naturlig-eg\/\"]}]},{\"@type\":\"ImageObject\",\"inLanguage\":\"da-DK\",\"@id\":\"https:\/\/www.riverbank.ee\/da\/koik-tooted\/akustisk-vaegpanel-40-mm-lister-240x60-naturlig-eg\/#primaryimage\",\"url\":\"https:\/\/www.riverbank.ee\/wp-content\/uploads\/2023\/07\/4Q6A7995-scaled.jpg\",\"contentUrl\":\"https:\/\/www.riverbank.ee\/wp-content\/uploads\/2023\/07\/4Q6A7995-scaled.jpg\",\"width\":1707,\"height\":2560},{\"@type\":\"BreadcrumbList\",\"@id\":\"https:\/\/www.riverbank.ee\/da\/koik-tooted\/akustisk-vaegpanel-40-mm-lister-240x60-naturlig-eg\/#breadcrumb\",\"itemListElement\":[{\"@type\":\"ListItem\",\"position\":1,\"name\":\"Avaleht\",\"item\":\"https:\/\/www.riverbank.ee\/\"},{\"@type\":\"ListItem\",\"position\":2,\"name\":\"Alle produkter\",\"item\":\"https:\/\/www.riverbank.ee\/koik-tooted\/\"},{\"@type\":\"ListItem\",\"position\":3,\"name\":\"Akustisk v\u00e6gpanel \u2013 40 mm lister \u2013 240\u00d760 \u2013 naturlig eg\"}]},{\"@type\":\"WebSite\",\"@id\":\"https:\/\/www.riverbank.ee\/#website\",\"url\":\"https:\/\/www.riverbank.ee\/\",\"name\":\"Riverbank\",\"description\":\"Riverbank\",\"publisher\":{\"@id\":\"https:\/\/www.riverbank.ee\/#organization\"},\"potentialAction\":[{\"@type\":\"SearchAction\",\"target\":{\"@type\":\"EntryPoint\",\"urlTemplate\":\"https:\/\/www.riverbank.ee\/?s={search_term_string}\"},\"query-input\":{\"@type\":\"PropertyValueSpecification\",\"valueRequired\":true,\"valueName\":\"search_term_string\"}}],\"inLanguage\":\"da-DK\"},{\"@type\":\"Organization\",\"@id\":\"https:\/\/www.riverbank.ee\/#organization\",\"name\":\"Riverbank\",\"url\":\"https:\/\/www.riverbank.ee\/\",\"logo\":{\"@type\":\"ImageObject\",\"inLanguage\":\"da-DK\",\"@id\":\"https:\/\/www.riverbank.ee\/#\/schema\/logo\/image\/\",\"url\":\"https:\/\/www.riverbank.ee\/wp-content\/uploads\/2021\/06\/logo-tervik.png\",\"contentUrl\":\"https:\/\/www.riverbank.ee\/wp-content\/uploads\/2021\/06\/logo-tervik.png\",\"width\":2000,\"height\":521,\"caption\":\"Riverbank\"},\"image\":{\"@id\":\"https:\/\/www.riverbank.ee\/#\/schema\/logo\/image\/\"},\"sameAs\":[\"https:\/\/www.facebook.com\/RiverbankVoodid\"]}]}<\/script>\n<!-- \/ Yoast SEO plugin. -->","yoast_head_json":{"title":"Akustisk v\u00e6gpanel \u2013 40 mm lister \u2013 240\u00d760 \u2013 naturlig eg | Riverbank","robots":{"index":"noindex","follow":"follow"},"og_locale":"da_DK","og_type":"article","og_title":"Akustisk v\u00e6gpanel \u2013 40 mm lister \u2013 240\u00d760 \u2013 naturlig eg | Riverbank","og_description":"Akustiske paneler er en praktisk og stilfuld m\u00e5de at g\u00f8re rum mere lydisolerede og hyggelige. De er fremstillet af filt og naturligt massivt tr\u00e6, som hj\u00e6lper med at sprede og absorbere lydb\u00f8lger, hvilket reducerer ekko.  Tr\u00e6listerne giver rummet et varmt og naturligt udseende og tilf\u00f8rer en smule naturlig stil og elegance til enhver indretning. Disse paneler er ikke kun praktiske, men ogs\u00e5 smukke dekorative elementer, der passer ind i n\u00e6sten enhver atmosf\u00e6re. Uanset om det er et konferencerum, et kontor, en restaurant eller et andet offentligt sted, skaber de akustiske paneler en rolig og behagelig lydoplevelse, samtidig med at de giver rummet et stilfuldt og moderne udtryk.","og_url":"https:\/\/www.riverbank.ee\/da\/koik-tooted\/akustisk-vaegpanel-40-mm-lister-240x60-naturlig-eg\/","og_site_name":"Riverbank","article_publisher":"https:\/\/www.facebook.com\/RiverbankVoodid","article_modified_time":"2025-02-12T16:05:06+00:00","og_image":[{"width":1707,"height":2560,"url":"https:\/\/www.riverbank.ee\/wp-content\/uploads\/2023\/07\/4Q6A7995-scaled.jpg","type":"image\/jpeg"}],"twitter_card":"summary_large_image","schema":{"@context":"https:\/\/schema.org","@graph":[{"@type":"WebPage","@id":"https:\/\/www.riverbank.ee\/da\/koik-tooted\/akustisk-vaegpanel-40-mm-lister-240x60-naturlig-eg\/","url":"https:\/\/www.riverbank.ee\/da\/koik-tooted\/akustisk-vaegpanel-40-mm-lister-240x60-naturlig-eg\/","name":"Akustisk v\u00e6gpanel \u2013 40 mm lister \u2013 240\u00d760 \u2013 naturlig eg | Riverbank","isPartOf":{"@id":"https:\/\/www.riverbank.ee\/#website"},"primaryImageOfPage":{"@id":"https:\/\/www.riverbank.ee\/da\/koik-tooted\/akustisk-vaegpanel-40-mm-lister-240x60-naturlig-eg\/#primaryimage"},"image":{"@id":"https:\/\/www.riverbank.ee\/da\/koik-tooted\/akustisk-vaegpanel-40-mm-lister-240x60-naturlig-eg\/#primaryimage"},"thumbnailUrl":"https:\/\/www.riverbank.ee\/wp-content\/uploads\/2023\/07\/4Q6A7995-scaled.jpg","datePublished":"2023-07-23T12:38:20+00:00","dateModified":"2025-02-12T16:05:06+00:00","breadcrumb":{"@id":"https:\/\/www.riverbank.ee\/da\/koik-tooted\/akustisk-vaegpanel-40-mm-lister-240x60-naturlig-eg\/#breadcrumb"},"inLanguage":"da-DK","potentialAction":[{"@type":"ReadAction","target":["https:\/\/www.riverbank.ee\/da\/koik-tooted\/akustisk-vaegpanel-40-mm-lister-240x60-naturlig-eg\/"]}]},{"@type":"ImageObject","inLanguage":"da-DK","@id":"https:\/\/www.riverbank.ee\/da\/koik-tooted\/akustisk-vaegpanel-40-mm-lister-240x60-naturlig-eg\/#primaryimage","url":"https:\/\/www.riverbank.ee\/wp-content\/uploads\/2023\/07\/4Q6A7995-scaled.jpg","contentUrl":"https:\/\/www.riverbank.ee\/wp-content\/uploads\/2023\/07\/4Q6A7995-scaled.jpg","width":1707,"height":2560},{"@type":"BreadcrumbList","@id":"https:\/\/www.riverbank.ee\/da\/koik-tooted\/akustisk-vaegpanel-40-mm-lister-240x60-naturlig-eg\/#breadcrumb","itemListElement":[{"@type":"ListItem","position":1,"name":"Avaleht","item":"https:\/\/www.riverbank.ee\/"},{"@type":"ListItem","position":2,"name":"Alle produkter","item":"https:\/\/www.riverbank.ee\/koik-tooted\/"},{"@type":"ListItem","position":3,"name":"Akustisk v\u00e6gpanel \u2013 40 mm lister \u2013 240\u00d760 \u2013 naturlig eg"}]},{"@type":"WebSite","@id":"https:\/\/www.riverbank.ee\/#website","url":"https:\/\/www.riverbank.ee\/","name":"Riverbank","description":"Riverbank","publisher":{"@id":"https:\/\/www.riverbank.ee\/#organization"},"potentialAction":[{"@type":"SearchAction","target":{"@type":"EntryPoint","urlTemplate":"https:\/\/www.riverbank.ee\/?s={search_term_string}"},"query-input":{"@type":"PropertyValueSpecification","valueRequired":true,"valueName":"search_term_string"}}],"inLanguage":"da-DK"},{"@type":"Organization","@id":"https:\/\/www.riverbank.ee\/#organization","name":"Riverbank","url":"https:\/\/www.riverbank.ee\/","logo":{"@type":"ImageObject","inLanguage":"da-DK","@id":"https:\/\/www.riverbank.ee\/#\/schema\/logo\/image\/","url":"https:\/\/www.riverbank.ee\/wp-content\/uploads\/2021\/06\/logo-tervik.png","contentUrl":"https:\/\/www.riverbank.ee\/wp-content\/uploads\/2021\/06\/logo-tervik.png","width":2000,"height":521,"caption":"Riverbank"},"image":{"@id":"https:\/\/www.riverbank.ee\/#\/schema\/logo\/image\/"},"sameAs":["https:\/\/www.facebook.com\/RiverbankVoodid"]}]}},"_links":{"self":[{"href":"https:\/\/www.riverbank.ee\/da\/wp-json\/wp\/v2\/product\/6609","targetHints":{"allow":["GET"]}}],"collection":[{"href":"https:\/\/www.riverbank.ee\/da\/wp-json\/wp\/v2\/product"}],"about":[{"href":"https:\/\/www.riverbank.ee\/da\/wp-json\/wp\/v2\/types\/product"}],"replies":[{"embeddable":true,"href":"https:\/\/www.riverbank.ee\/da\/wp-json\/wp\/v2\/comments?post=6609"}],"wp:featuredmedia":[{"embeddable":true,"href":"https:\/\/www.riverbank.ee\/da\/wp-json\/wp\/v2\/media\/6943"}],"wp:attachment":[{"href":"https:\/\/www.riverbank.ee\/da\/wp-json\/wp\/v2\/media?parent=6609"}],"wp:term":[{"taxonomy":"product_brand","embeddable":true,"href":"https:\/\/www.riverbank.ee\/da\/wp-json\/wp\/v2\/product_brand?post=6609"},{"taxonomy":"product_cat","embeddable":true,"href":"https:\/\/www.riverbank.ee\/da\/wp-json\/wp\/v2\/product_cat?post=6609"},{"taxonomy":"product_tag","embeddable":true,"href":"https:\/\/www.riverbank.ee\/da\/wp-json\/wp\/v2\/product_tag?post=6609"}],"curies":[{"name":"wp","href":"https:\/\/api.w.org\/{rel}","templated":true}]}}