{"id":6686,"date":"2023-05-10T18:17:19","date_gmt":"2023-05-10T15:17:19","guid":{"rendered":"https:\/\/www.riverbank.ee\/koik-tooted\/massivt-trae-hus-seng-housebed-deluxe-90x200-med-skuffer-naturlig-lakeret\/"},"modified":"2026-03-18T19:21:53","modified_gmt":"2026-03-18T17:21:53","slug":"massivt-trae-hus-seng-housebed-deluxe-90x200-med-skuffer-naturlig-lakeret","status":"publish","type":"product","link":"https:\/\/www.riverbank.ee\/da\/koik-tooted\/massivt-trae-hus-seng-housebed-deluxe-90x200-med-skuffer-naturlig-lakeret\/","title":{"rendered":"Massivt tr\u00e6 hus-seng **Housebed Deluxe** 90&#215;200 med skuffer &#8211; Naturlig lakeret"},"content":{"rendered":"<p class=\"p1\">Husseng i fyrretr\u00e6 med skuffer kombinerer leg og funktionalitet. Denne b\u00f8rneseng skaber et eventyrligt sovested for barnet og tilbyder samtidig ekstra opbevaringsplads, som hj\u00e6lper med at holde hjemmet ryddeligt.<\/p>\n<p class=\"p1\">Massivt tr\u00e6 er et holdbart og sikkert valg, som holder godt over tid. B\u00f8rnesengen er fremstillet af fyrretr\u00e6 i h\u00f8j kvalitet og er behandlet med en sikker lak, hvilket g\u00f8r den velegnet til daglig s\u00f8vn og robust nok til ogs\u00e5 at modst\u00e5 aktiv leg.<\/p>\n<ul>\n<li>H\u00f8jde: 1600mm<\/li>\n<li>H\u00f8jde fra gulv til seng: 290mm<\/li>\n<li>Bredde: 980mm<\/li>\n<li>L\u00e6ngde: 2100mm<\/li>\n<li>Madras inkluderet: Nej<\/li>\n<li>Passer til madras: 900 x 2000 mm<\/li>\n<li>Sengebund inkluderet: Ja<\/li>\n<li>Skuffer inkluderet: Ja<\/li>\n<li>Materiale: Fyrretr\u00e6<\/li>\n<\/ul>\n<p class=\"responsive-video-wrap clr\"><iframe title=\"Riverbank Children Housebed Assembly Instruction\" width=\"800\" height=\"450\" src=\"https:\/\/www.youtube.com\/embed\/pY_q3yaRJKI?feature=oembed\" frameborder=\"0\" allow=\"accelerometer; autoplay; clipboard-write; encrypted-media; gyroscope; picture-in-picture; web-share\" referrerpolicy=\"strict-origin-when-cross-origin\" allowfullscreen><\/iframe><\/p>\n<p class=\"p1\">L\u00e6s mere om, hvordan du v\u00e6lger den rigtige seng til dit barn <a href=\"https:\/\/www.riverbank.ee\/da\/valg-af-boerneseng-til-barn-i-forskellige-aldre\/\">her.<\/a><\/p>\n<p class=\"p1\">Vores produkter kan ogs\u00e5 findes p\u00e5 <a href=\"https:\/\/meiewoodproductsee.etsy.com\">Etsy.<\/a><\/p>\n","protected":false},"excerpt":{"rendered":"<p class=\"p1\">Husseng i massivt tr\u00e6 med skuffer 90 \u00d7 200 cm kombinerer leg og funktionalitet. Denne b\u00f8rneseng skaber et eventyrligt sovested for barnet og tilbyder samtidig ekstra opbevaringsplads til ting, hvilket hj\u00e6lper med at holde hjemmet ryddeligt.<\/p>\n<p class=\"p1\">Massivt tr\u00e6 er et holdbart og sikkert valg, som holder godt over tid. B\u00f8rnesengen er fremstillet af fyrretr\u00e6 i h\u00f8j kvalitet og er behandlet med en sikker lak, hvilket g\u00f8r den velegnet til daglig s\u00f8vn og robust nok til ogs\u00e5 at modst\u00e5 aktiv leg.<\/p>\n","protected":false},"featured_media":6692,"comment_status":"open","ping_status":"closed","template":"","meta":{"ngg_post_thumbnail":0,"ocean_post_layout":"","ocean_both_sidebars_style":"","ocean_both_sidebars_content_width":0,"ocean_both_sidebars_sidebars_width":0,"ocean_sidebar":"0","ocean_second_sidebar":"0","ocean_disable_margins":"enable","ocean_add_body_class":"","ocean_shortcode_before_top_bar":"","ocean_shortcode_after_top_bar":"","ocean_shortcode_before_header":"","ocean_shortcode_after_header":"","ocean_has_shortcode":"","ocean_shortcode_after_title":"","ocean_shortcode_before_footer_widgets":"","ocean_shortcode_after_footer_widgets":"","ocean_shortcode_before_footer_bottom":"","ocean_shortcode_after_footer_bottom":"","ocean_display_top_bar":"default","ocean_display_header":"default","ocean_header_style":"","ocean_center_header_left_menu":"0","ocean_custom_header_template":"0","ocean_custom_logo":0,"ocean_custom_retina_logo":0,"ocean_custom_logo_max_width":0,"ocean_custom_logo_tablet_max_width":0,"ocean_custom_logo_mobile_max_width":0,"ocean_custom_logo_max_height":0,"ocean_custom_logo_tablet_max_height":0,"ocean_custom_logo_mobile_max_height":0,"ocean_header_custom_menu":"0","ocean_menu_typo_font_family":"0","ocean_menu_typo_font_subset":"","ocean_menu_typo_font_size":0,"ocean_menu_typo_font_size_tablet":0,"ocean_menu_typo_font_size_mobile":0,"ocean_menu_typo_font_size_unit":"px","ocean_menu_typo_font_weight":"","ocean_menu_typo_font_weight_tablet":"","ocean_menu_typo_font_weight_mobile":"","ocean_menu_typo_transform":"","ocean_menu_typo_transform_tablet":"","ocean_menu_typo_transform_mobile":"","ocean_menu_typo_line_height":0,"ocean_menu_typo_line_height_tablet":0,"ocean_menu_typo_line_height_mobile":0,"ocean_menu_typo_line_height_unit":"","ocean_menu_typo_spacing":0,"ocean_menu_typo_spacing_tablet":0,"ocean_menu_typo_spacing_mobile":0,"ocean_menu_typo_spacing_unit":"","ocean_menu_link_color":"","ocean_menu_link_color_hover":"","ocean_menu_link_color_active":"","ocean_menu_link_background":"","ocean_menu_link_hover_background":"","ocean_menu_link_active_background":"","ocean_menu_social_links_bg":"","ocean_menu_social_hover_links_bg":"","ocean_menu_social_links_color":"","ocean_menu_social_hover_links_color":"","ocean_disable_title":"default","ocean_disable_heading":"default","ocean_post_title":"","ocean_post_subheading":"","ocean_post_title_style":"","ocean_post_title_background_color":"","ocean_post_title_background":0,"ocean_post_title_bg_image_position":"","ocean_post_title_bg_image_attachment":"","ocean_post_title_bg_image_repeat":"","ocean_post_title_bg_image_size":"","ocean_post_title_height":0,"ocean_post_title_bg_overlay":0.5,"ocean_post_title_bg_overlay_color":"","ocean_disable_breadcrumbs":"default","ocean_breadcrumbs_color":"","ocean_breadcrumbs_separator_color":"","ocean_breadcrumbs_links_color":"","ocean_breadcrumbs_links_hover_color":"","ocean_display_footer_widgets":"default","ocean_display_footer_bottom":"default","ocean_custom_footer_template":"0","osh_disable_topbar_sticky":"default","osh_disable_header_sticky":"default","osh_sticky_header_style":"default","osh_sticky_header_effect":"","osh_custom_sticky_logo":0,"osh_custom_retina_sticky_logo":0,"osh_custom_sticky_logo_height":0,"osh_background_color":"","osh_links_color":"","osh_links_hover_color":"","osh_links_active_color":"","osh_links_bg_color":"","osh_links_hover_bg_color":"","osh_links_active_bg_color":"","osh_menu_social_links_color":"","osh_menu_social_hover_links_color":""},"product_brand":[],"product_cat":[168],"product_tag":[],"class_list":{"0":"post-6686","1":"product","2":"type-product","3":"status-publish","4":"has-post-thumbnail","6":"product_cat-bornesenge","7":"product_shipping_class-store-produkter","9":"entry","10":"has-media","12":"first","13":"instock","14":"taxable","15":"shipping-taxable","16":"purchasable","17":"product-type-simple","18":"has-product-nav","19":"col","20":"span_1_of_3","21":"owp-content-left","22":"owp-thumbs-layout-horizontal","23":"owp-btn-normal","24":"owp-tabs-layout-horizontal","26":"circle-sale"},"yoast_head":"<!-- This site is optimized with the Yoast SEO plugin v27.2 - https:\/\/yoast.com\/product\/yoast-seo-wordpress\/ -->\n<title>Massivt tr\u00e6 hus-seng **Housebed Deluxe** 90x200 med skuffer - Naturlig lakeret | Riverbank<\/title>\n<meta name=\"description\" content=\"Husseng i massivt tr\u00e6 med skuffer 90 \u00d7 200 cm kombinerer leg og funktionalitet. En b\u00f8rneseng i massivt tr\u00e6 er det bedste valg, hvis du \u00f8nsker en holdbar og robust seng.\" \/>\n<meta name=\"robots\" content=\"index, follow, max-snippet:-1, max-image-preview:large, max-video-preview:-1\" \/>\n<link rel=\"canonical\" href=\"https:\/\/www.riverbank.ee\/koik-tooted\/taispuidust-majavoodi-housebed-deluxe-90x200-sahtlitega-naturaalne-lakitud\/\" \/>\n<meta property=\"og:locale\" content=\"da_DK\" \/>\n<meta property=\"og:type\" content=\"article\" \/>\n<meta property=\"og:title\" content=\"Massivt tr\u00e6 hus-seng **Housebed Deluxe** 90x200 med skuffer - Naturlig lakeret | Riverbank\" \/>\n<meta property=\"og:description\" content=\"Husseng i massivt tr\u00e6 med skuffer 90 \u00d7 200 cm kombinerer leg og funktionalitet. En b\u00f8rneseng i massivt tr\u00e6 er det bedste valg, hvis du \u00f8nsker en holdbar og robust seng.\" \/>\n<meta property=\"og:url\" content=\"https:\/\/www.riverbank.ee\/koik-tooted\/taispuidust-majavoodi-housebed-deluxe-90x200-sahtlitega-naturaalne-lakitud\/\" \/>\n<meta property=\"og:site_name\" content=\"Riverbank\" \/>\n<meta property=\"article:publisher\" content=\"https:\/\/www.facebook.com\/RiverbankVoodid\" \/>\n<meta property=\"article:modified_time\" content=\"2026-03-18T17:21:53+00:00\" \/>\n<meta property=\"og:image\" content=\"https:\/\/www.riverbank.ee\/wp-content\/uploads\/2023\/05\/230526-housebed-natural-90x200-angle-drawer-1024x1024.jpg\" \/>\n\t<meta property=\"og:image:width\" content=\"1024\" \/>\n\t<meta property=\"og:image:height\" content=\"1024\" \/>\n\t<meta property=\"og:image:type\" content=\"image\/jpeg\" \/>\n<meta name=\"twitter:card\" content=\"summary_large_image\" \/>\n<meta name=\"twitter:label1\" content=\"Estimeret l\u00e6setid\" \/>\n\t<meta name=\"twitter:data1\" content=\"1 minut\" \/>\n<script type=\"application\/ld+json\" class=\"yoast-schema-graph\">{\"@context\":\"https:\/\/schema.org\",\"@graph\":[{\"@type\":\"WebPage\",\"@id\":\"https:\/\/www.riverbank.ee\/koik-tooted\/taispuidust-majavoodi-housebed-deluxe-90x200-sahtlitega-naturaalne-lakitud\/\",\"url\":\"https:\/\/www.riverbank.ee\/koik-tooted\/taispuidust-majavoodi-housebed-deluxe-90x200-sahtlitega-naturaalne-lakitud\/\",\"name\":\"Massivt tr\u00e6 hus-seng **Housebed Deluxe** 90x200 med skuffer - Naturlig lakeret | Riverbank\",\"isPartOf\":{\"@id\":\"https:\/\/www.riverbank.ee\/#website\"},\"primaryImageOfPage\":{\"@id\":\"https:\/\/www.riverbank.ee\/koik-tooted\/taispuidust-majavoodi-housebed-deluxe-90x200-sahtlitega-naturaalne-lakitud\/#primaryimage\"},\"image\":{\"@id\":\"https:\/\/www.riverbank.ee\/koik-tooted\/taispuidust-majavoodi-housebed-deluxe-90x200-sahtlitega-naturaalne-lakitud\/#primaryimage\"},\"thumbnailUrl\":\"https:\/\/www.riverbank.ee\/wp-content\/uploads\/2023\/05\/230526-housebed-natural-90x200-angle-drawer.jpg\",\"datePublished\":\"2023-05-10T15:17:19+00:00\",\"dateModified\":\"2026-03-18T17:21:53+00:00\",\"description\":\"Husseng i massivt tr\u00e6 med skuffer 90 \u00d7 200 cm kombinerer leg og funktionalitet. En b\u00f8rneseng i massivt tr\u00e6 er det bedste valg, hvis du \u00f8nsker en holdbar og robust seng.\",\"breadcrumb\":{\"@id\":\"https:\/\/www.riverbank.ee\/koik-tooted\/taispuidust-majavoodi-housebed-deluxe-90x200-sahtlitega-naturaalne-lakitud\/#breadcrumb\"},\"inLanguage\":\"da-DK\",\"potentialAction\":[{\"@type\":\"ReadAction\",\"target\":[\"https:\/\/www.riverbank.ee\/koik-tooted\/taispuidust-majavoodi-housebed-deluxe-90x200-sahtlitega-naturaalne-lakitud\/\"]}]},{\"@type\":\"ImageObject\",\"inLanguage\":\"da-DK\",\"@id\":\"https:\/\/www.riverbank.ee\/koik-tooted\/taispuidust-majavoodi-housebed-deluxe-90x200-sahtlitega-naturaalne-lakitud\/#primaryimage\",\"url\":\"https:\/\/www.riverbank.ee\/wp-content\/uploads\/2023\/05\/230526-housebed-natural-90x200-angle-drawer.jpg\",\"contentUrl\":\"https:\/\/www.riverbank.ee\/wp-content\/uploads\/2023\/05\/230526-housebed-natural-90x200-angle-drawer.jpg\",\"width\":2500,\"height\":2500,\"caption\":\"Husseng i massivt tr\u00e6 90 \u00d7 200 cm til b\u00f8rn med naturlig lak.\"},{\"@type\":\"BreadcrumbList\",\"@id\":\"https:\/\/www.riverbank.ee\/koik-tooted\/taispuidust-majavoodi-housebed-deluxe-90x200-sahtlitega-naturaalne-lakitud\/#breadcrumb\",\"itemListElement\":[{\"@type\":\"ListItem\",\"position\":1,\"name\":\"Avaleht\",\"item\":\"https:\/\/www.riverbank.ee\/\"},{\"@type\":\"ListItem\",\"position\":2,\"name\":\"Alle produkter\",\"item\":\"https:\/\/www.riverbank.ee\/koik-tooted\/\"},{\"@type\":\"ListItem\",\"position\":3,\"name\":\"Massivt tr\u00e6 hus-seng **Housebed Deluxe** 90&#215;200 med skuffer &#8211; Naturlig lakeret\"}]},{\"@type\":\"WebSite\",\"@id\":\"https:\/\/www.riverbank.ee\/#website\",\"url\":\"https:\/\/www.riverbank.ee\/\",\"name\":\"Riverbank\",\"description\":\"Riverbank\",\"publisher\":{\"@id\":\"https:\/\/www.riverbank.ee\/#organization\"},\"potentialAction\":[{\"@type\":\"SearchAction\",\"target\":{\"@type\":\"EntryPoint\",\"urlTemplate\":\"https:\/\/www.riverbank.ee\/?s={search_term_string}\"},\"query-input\":{\"@type\":\"PropertyValueSpecification\",\"valueRequired\":true,\"valueName\":\"search_term_string\"}}],\"inLanguage\":\"da-DK\"},{\"@type\":\"Organization\",\"@id\":\"https:\/\/www.riverbank.ee\/#organization\",\"name\":\"Riverbank\",\"url\":\"https:\/\/www.riverbank.ee\/\",\"logo\":{\"@type\":\"ImageObject\",\"inLanguage\":\"da-DK\",\"@id\":\"https:\/\/www.riverbank.ee\/#\/schema\/logo\/image\/\",\"url\":\"https:\/\/www.riverbank.ee\/wp-content\/uploads\/2021\/06\/logo-tervik.png\",\"contentUrl\":\"https:\/\/www.riverbank.ee\/wp-content\/uploads\/2021\/06\/logo-tervik.png\",\"width\":2000,\"height\":521,\"caption\":\"Riverbank\"},\"image\":{\"@id\":\"https:\/\/www.riverbank.ee\/#\/schema\/logo\/image\/\"},\"sameAs\":[\"https:\/\/www.facebook.com\/RiverbankVoodid\"]}]}<\/script>\n<!-- \/ Yoast SEO plugin. -->","yoast_head_json":{"title":"Massivt tr\u00e6 hus-seng **Housebed Deluxe** 90x200 med skuffer - Naturlig lakeret | Riverbank","description":"Husseng i massivt tr\u00e6 med skuffer 90 \u00d7 200 cm kombinerer leg og funktionalitet. En b\u00f8rneseng i massivt tr\u00e6 er det bedste valg, hvis du \u00f8nsker en holdbar og robust seng.","robots":{"index":"index","follow":"follow","max-snippet":"max-snippet:-1","max-image-preview":"max-image-preview:large","max-video-preview":"max-video-preview:-1"},"canonical":"https:\/\/www.riverbank.ee\/koik-tooted\/taispuidust-majavoodi-housebed-deluxe-90x200-sahtlitega-naturaalne-lakitud\/","og_locale":"da_DK","og_type":"article","og_title":"Massivt tr\u00e6 hus-seng **Housebed Deluxe** 90x200 med skuffer - Naturlig lakeret | Riverbank","og_description":"Husseng i massivt tr\u00e6 med skuffer 90 \u00d7 200 cm kombinerer leg og funktionalitet. En b\u00f8rneseng i massivt tr\u00e6 er det bedste valg, hvis du \u00f8nsker en holdbar og robust seng.","og_url":"https:\/\/www.riverbank.ee\/koik-tooted\/taispuidust-majavoodi-housebed-deluxe-90x200-sahtlitega-naturaalne-lakitud\/","og_site_name":"Riverbank","article_publisher":"https:\/\/www.facebook.com\/RiverbankVoodid","article_modified_time":"2026-03-18T17:21:53+00:00","og_image":[{"width":1024,"height":1024,"url":"https:\/\/www.riverbank.ee\/wp-content\/uploads\/2023\/05\/230526-housebed-natural-90x200-angle-drawer-1024x1024.jpg","type":"image\/jpeg"}],"twitter_card":"summary_large_image","twitter_misc":{"Estimeret l\u00e6setid":"1 minut"},"schema":{"@context":"https:\/\/schema.org","@graph":[{"@type":"WebPage","@id":"https:\/\/www.riverbank.ee\/koik-tooted\/taispuidust-majavoodi-housebed-deluxe-90x200-sahtlitega-naturaalne-lakitud\/","url":"https:\/\/www.riverbank.ee\/koik-tooted\/taispuidust-majavoodi-housebed-deluxe-90x200-sahtlitega-naturaalne-lakitud\/","name":"Massivt tr\u00e6 hus-seng **Housebed Deluxe** 90x200 med skuffer - Naturlig lakeret | Riverbank","isPartOf":{"@id":"https:\/\/www.riverbank.ee\/#website"},"primaryImageOfPage":{"@id":"https:\/\/www.riverbank.ee\/koik-tooted\/taispuidust-majavoodi-housebed-deluxe-90x200-sahtlitega-naturaalne-lakitud\/#primaryimage"},"image":{"@id":"https:\/\/www.riverbank.ee\/koik-tooted\/taispuidust-majavoodi-housebed-deluxe-90x200-sahtlitega-naturaalne-lakitud\/#primaryimage"},"thumbnailUrl":"https:\/\/www.riverbank.ee\/wp-content\/uploads\/2023\/05\/230526-housebed-natural-90x200-angle-drawer.jpg","datePublished":"2023-05-10T15:17:19+00:00","dateModified":"2026-03-18T17:21:53+00:00","description":"Husseng i massivt tr\u00e6 med skuffer 90 \u00d7 200 cm kombinerer leg og funktionalitet. En b\u00f8rneseng i massivt tr\u00e6 er det bedste valg, hvis du \u00f8nsker en holdbar og robust seng.","breadcrumb":{"@id":"https:\/\/www.riverbank.ee\/koik-tooted\/taispuidust-majavoodi-housebed-deluxe-90x200-sahtlitega-naturaalne-lakitud\/#breadcrumb"},"inLanguage":"da-DK","potentialAction":[{"@type":"ReadAction","target":["https:\/\/www.riverbank.ee\/koik-tooted\/taispuidust-majavoodi-housebed-deluxe-90x200-sahtlitega-naturaalne-lakitud\/"]}]},{"@type":"ImageObject","inLanguage":"da-DK","@id":"https:\/\/www.riverbank.ee\/koik-tooted\/taispuidust-majavoodi-housebed-deluxe-90x200-sahtlitega-naturaalne-lakitud\/#primaryimage","url":"https:\/\/www.riverbank.ee\/wp-content\/uploads\/2023\/05\/230526-housebed-natural-90x200-angle-drawer.jpg","contentUrl":"https:\/\/www.riverbank.ee\/wp-content\/uploads\/2023\/05\/230526-housebed-natural-90x200-angle-drawer.jpg","width":2500,"height":2500,"caption":"Husseng i massivt tr\u00e6 90 \u00d7 200 cm til b\u00f8rn med naturlig lak."},{"@type":"BreadcrumbList","@id":"https:\/\/www.riverbank.ee\/koik-tooted\/taispuidust-majavoodi-housebed-deluxe-90x200-sahtlitega-naturaalne-lakitud\/#breadcrumb","itemListElement":[{"@type":"ListItem","position":1,"name":"Avaleht","item":"https:\/\/www.riverbank.ee\/"},{"@type":"ListItem","position":2,"name":"Alle produkter","item":"https:\/\/www.riverbank.ee\/koik-tooted\/"},{"@type":"ListItem","position":3,"name":"Massivt tr\u00e6 hus-seng **Housebed Deluxe** 90&#215;200 med skuffer &#8211; Naturlig lakeret"}]},{"@type":"WebSite","@id":"https:\/\/www.riverbank.ee\/#website","url":"https:\/\/www.riverbank.ee\/","name":"Riverbank","description":"Riverbank","publisher":{"@id":"https:\/\/www.riverbank.ee\/#organization"},"potentialAction":[{"@type":"SearchAction","target":{"@type":"EntryPoint","urlTemplate":"https:\/\/www.riverbank.ee\/?s={search_term_string}"},"query-input":{"@type":"PropertyValueSpecification","valueRequired":true,"valueName":"search_term_string"}}],"inLanguage":"da-DK"},{"@type":"Organization","@id":"https:\/\/www.riverbank.ee\/#organization","name":"Riverbank","url":"https:\/\/www.riverbank.ee\/","logo":{"@type":"ImageObject","inLanguage":"da-DK","@id":"https:\/\/www.riverbank.ee\/#\/schema\/logo\/image\/","url":"https:\/\/www.riverbank.ee\/wp-content\/uploads\/2021\/06\/logo-tervik.png","contentUrl":"https:\/\/www.riverbank.ee\/wp-content\/uploads\/2021\/06\/logo-tervik.png","width":2000,"height":521,"caption":"Riverbank"},"image":{"@id":"https:\/\/www.riverbank.ee\/#\/schema\/logo\/image\/"},"sameAs":["https:\/\/www.facebook.com\/RiverbankVoodid"]}]}},"_links":{"self":[{"href":"https:\/\/www.riverbank.ee\/da\/wp-json\/wp\/v2\/product\/6686","targetHints":{"allow":["GET"]}}],"collection":[{"href":"https:\/\/www.riverbank.ee\/da\/wp-json\/wp\/v2\/product"}],"about":[{"href":"https:\/\/www.riverbank.ee\/da\/wp-json\/wp\/v2\/types\/product"}],"replies":[{"embeddable":true,"href":"https:\/\/www.riverbank.ee\/da\/wp-json\/wp\/v2\/comments?post=6686"}],"wp:featuredmedia":[{"embeddable":true,"href":"https:\/\/www.riverbank.ee\/da\/wp-json\/wp\/v2\/media\/6692"}],"wp:attachment":[{"href":"https:\/\/www.riverbank.ee\/da\/wp-json\/wp\/v2\/media?parent=6686"}],"wp:term":[{"taxonomy":"product_brand","embeddable":true,"href":"https:\/\/www.riverbank.ee\/da\/wp-json\/wp\/v2\/product_brand?post=6686"},{"taxonomy":"product_cat","embeddable":true,"href":"https:\/\/www.riverbank.ee\/da\/wp-json\/wp\/v2\/product_cat?post=6686"},{"taxonomy":"product_tag","embeddable":true,"href":"https:\/\/www.riverbank.ee\/da\/wp-json\/wp\/v2\/product_tag?post=6686"}],"curies":[{"name":"wp","href":"https:\/\/api.w.org\/{rel}","templated":true}]}}