{"id":8628,"date":"2026-03-27T14:14:56","date_gmt":"2026-03-27T12:14:56","guid":{"rendered":"https:\/\/www.riverbank.ee\/koik-tooted\/massivt-trae-vaeghylde-med-sort-metalramme-paike\/"},"modified":"2026-03-27T14:14:56","modified_gmt":"2026-03-27T12:14:56","slug":"massivt-trae-vaeghylde-med-sort-metalramme-paike","status":"publish","type":"product","link":"https:\/\/www.riverbank.ee\/da\/koik-tooted\/massivt-trae-vaeghylde-med-sort-metalramme-paike\/","title":{"rendered":"Massivt tr\u00e6 v\u00e6ghylde med sort metalramme P\u00c4IKE"},"content":{"rendered":"<p>Materiel: Massivt egetr\u00e6 og metal<br \/>\nFinish: Lak<br \/>\nM\u00e5l: 197 x 141,5 x 32 cm<br \/>\nKr\u00e6ver montering: Ja<br \/>\nAntal pakker: 1<\/p>\n<p>Massivt tr\u00e6 er et godt valg til m\u00f8bler, hvis du \u00f8nsker, at m\u00f8blerne holder i mange \u00e5r. L\u00e6s mere om, hvordan vi sikrer dette <a href=\"https:\/\/www.riverbank.ee\/da\/limtraes-overfladebehandling-og-bearbejdning\/\">her.<\/a><\/p>\n<p>Vores produkter findes ogs\u00e5 p\u00e5 <a href=\"https:\/\/meiewoodproductsee.etsy.com\">Etsy.<\/a><\/p>\n","protected":false},"excerpt":{"rendered":"<p class=\"p1\">Tilf\u00f8j karakter til dit hjem med P\u00c4IKE hylden. Den naturlige egetr\u00e6sv\u00e6ghylde med sort metalramme tilf\u00f8rer rummet en moderne industriel stil og en varm, naturlig tone. Hylden giver ekstra opbevaringsplads og dekorativ overflade til b\u00e5de hjem og kontor.<\/p>\n","protected":false},"featured_media":8629,"comment_status":"open","ping_status":"closed","template":"","meta":{"ngg_post_thumbnail":0,"ocean_post_layout":"","ocean_both_sidebars_style":"","ocean_both_sidebars_content_width":0,"ocean_both_sidebars_sidebars_width":0,"ocean_sidebar":"0","ocean_second_sidebar":"0","ocean_disable_margins":"enable","ocean_add_body_class":"","ocean_shortcode_before_top_bar":"","ocean_shortcode_after_top_bar":"","ocean_shortcode_before_header":"","ocean_shortcode_after_header":"","ocean_has_shortcode":"","ocean_shortcode_after_title":"","ocean_shortcode_before_footer_widgets":"","ocean_shortcode_after_footer_widgets":"","ocean_shortcode_before_footer_bottom":"","ocean_shortcode_after_footer_bottom":"","ocean_display_top_bar":"default","ocean_display_header":"default","ocean_header_style":"","ocean_center_header_left_menu":"0","ocean_custom_header_template":"0","ocean_custom_logo":0,"ocean_custom_retina_logo":0,"ocean_custom_logo_max_width":0,"ocean_custom_logo_tablet_max_width":0,"ocean_custom_logo_mobile_max_width":0,"ocean_custom_logo_max_height":0,"ocean_custom_logo_tablet_max_height":0,"ocean_custom_logo_mobile_max_height":0,"ocean_header_custom_menu":"0","ocean_menu_typo_font_family":"0","ocean_menu_typo_font_subset":"","ocean_menu_typo_font_size":0,"ocean_menu_typo_font_size_tablet":0,"ocean_menu_typo_font_size_mobile":0,"ocean_menu_typo_font_size_unit":"px","ocean_menu_typo_font_weight":"","ocean_menu_typo_font_weight_tablet":"","ocean_menu_typo_font_weight_mobile":"","ocean_menu_typo_transform":"","ocean_menu_typo_transform_tablet":"","ocean_menu_typo_transform_mobile":"","ocean_menu_typo_line_height":0,"ocean_menu_typo_line_height_tablet":0,"ocean_menu_typo_line_height_mobile":0,"ocean_menu_typo_line_height_unit":"","ocean_menu_typo_spacing":0,"ocean_menu_typo_spacing_tablet":0,"ocean_menu_typo_spacing_mobile":0,"ocean_menu_typo_spacing_unit":"","ocean_menu_link_color":"","ocean_menu_link_color_hover":"","ocean_menu_link_color_active":"","ocean_menu_link_background":"","ocean_menu_link_hover_background":"","ocean_menu_link_active_background":"","ocean_menu_social_links_bg":"","ocean_menu_social_hover_links_bg":"","ocean_menu_social_links_color":"","ocean_menu_social_hover_links_color":"","ocean_disable_title":"default","ocean_disable_heading":"default","ocean_post_title":"","ocean_post_subheading":"","ocean_post_title_style":"","ocean_post_title_background_color":"","ocean_post_title_background":0,"ocean_post_title_bg_image_position":"","ocean_post_title_bg_image_attachment":"","ocean_post_title_bg_image_repeat":"","ocean_post_title_bg_image_size":"","ocean_post_title_height":0,"ocean_post_title_bg_overlay":0.5,"ocean_post_title_bg_overlay_color":"","ocean_disable_breadcrumbs":"default","ocean_breadcrumbs_color":"","ocean_breadcrumbs_separator_color":"","ocean_breadcrumbs_links_color":"","ocean_breadcrumbs_links_hover_color":"","ocean_display_footer_widgets":"default","ocean_display_footer_bottom":"default","ocean_custom_footer_template":"0","osh_disable_topbar_sticky":"default","osh_disable_header_sticky":"default","osh_sticky_header_style":"default","osh_sticky_header_effect":"","osh_custom_sticky_logo":0,"osh_custom_retina_sticky_logo":0,"osh_custom_sticky_logo_height":0,"osh_background_color":"","osh_links_color":"","osh_links_hover_color":"","osh_links_active_color":"","osh_links_bg_color":"","osh_links_hover_bg_color":"","osh_links_active_bg_color":"","osh_menu_social_links_color":"","osh_menu_social_hover_links_color":""},"product_brand":[],"product_cat":[198],"product_tag":[200,199],"class_list":{"0":"post-8628","1":"product","2":"type-product","3":"status-publish","4":"has-post-thumbnail","6":"product_cat-hylder","7":"product_tag-dekorativ-hylde","8":"product_tag-vaeghylde","10":"entry","11":"has-media","13":"first","14":"instock","15":"taxable","16":"shipping-taxable","17":"purchasable","18":"product-type-simple","19":"has-product-nav","20":"col","21":"span_1_of_3","22":"owp-content-left","23":"owp-thumbs-layout-horizontal","24":"owp-btn-normal","25":"owp-tabs-layout-horizontal","27":"circle-sale"},"yoast_head":"<!-- This site is optimized with the Yoast SEO plugin v27.2 - https:\/\/yoast.com\/product\/yoast-seo-wordpress\/ -->\n<title>Massivt tr\u00e6 v\u00e6ghylde med sort metalramme P\u00c4IKE | Riverbank<\/title>\n<meta name=\"description\" content=\"Den naturlige egetr\u00e6sv\u00e6ghylde med sort metalramme tilf\u00f8rer rummet en moderne industriel stil og en varm, naturlig tone.\" \/>\n<meta name=\"robots\" content=\"noindex, follow\" \/>\n<meta property=\"og:locale\" content=\"da_DK\" \/>\n<meta property=\"og:type\" content=\"article\" \/>\n<meta property=\"og:title\" content=\"Massivt tr\u00e6 v\u00e6ghylde med sort metalramme P\u00c4IKE | Riverbank\" \/>\n<meta property=\"og:description\" content=\"Den naturlige egetr\u00e6sv\u00e6ghylde med sort metalramme tilf\u00f8rer rummet en moderne industriel stil og en varm, naturlig tone.\" \/>\n<meta property=\"og:url\" content=\"https:\/\/www.riverbank.ee\/koik-tooted\/taispuidust-seinariiul-koos-musta-metall-raamiga-paike\/\" \/>\n<meta property=\"og:site_name\" content=\"Riverbank\" \/>\n<meta property=\"article:publisher\" content=\"https:\/\/www.facebook.com\/RiverbankVoodid\" \/>\n<meta property=\"og:image\" content=\"https:\/\/www.riverbank.ee\/wp-content\/uploads\/2026\/03\/4Q6A1630-scaled.jpg\" \/>\n\t<meta property=\"og:image:width\" content=\"1707\" \/>\n\t<meta property=\"og:image:height\" content=\"2560\" \/>\n\t<meta property=\"og:image:type\" content=\"image\/jpeg\" \/>\n<meta name=\"twitter:card\" content=\"summary_large_image\" \/>\n<script type=\"application\/ld+json\" class=\"yoast-schema-graph\">{\"@context\":\"https:\/\/schema.org\",\"@graph\":[{\"@type\":\"WebPage\",\"@id\":\"https:\/\/www.riverbank.ee\/koik-tooted\/taispuidust-seinariiul-koos-musta-metall-raamiga-paike\/\",\"url\":\"https:\/\/www.riverbank.ee\/koik-tooted\/taispuidust-seinariiul-koos-musta-metall-raamiga-paike\/\",\"name\":\"Massivt tr\u00e6 v\u00e6ghylde med sort metalramme P\u00c4IKE | Riverbank\",\"isPartOf\":{\"@id\":\"https:\/\/www.riverbank.ee\/#website\"},\"primaryImageOfPage\":{\"@id\":\"https:\/\/www.riverbank.ee\/koik-tooted\/taispuidust-seinariiul-koos-musta-metall-raamiga-paike\/#primaryimage\"},\"image\":{\"@id\":\"https:\/\/www.riverbank.ee\/koik-tooted\/taispuidust-seinariiul-koos-musta-metall-raamiga-paike\/#primaryimage\"},\"thumbnailUrl\":\"https:\/\/www.riverbank.ee\/wp-content\/uploads\/2026\/03\/4Q6A1630-scaled.jpg\",\"datePublished\":\"2026-03-27T12:14:56+00:00\",\"description\":\"Den naturlige egetr\u00e6sv\u00e6ghylde med sort metalramme tilf\u00f8rer rummet en moderne industriel stil og en varm, naturlig tone.\",\"breadcrumb\":{\"@id\":\"https:\/\/www.riverbank.ee\/koik-tooted\/taispuidust-seinariiul-koos-musta-metall-raamiga-paike\/#breadcrumb\"},\"inLanguage\":\"da-DK\",\"potentialAction\":[{\"@type\":\"ReadAction\",\"target\":[\"https:\/\/www.riverbank.ee\/koik-tooted\/taispuidust-seinariiul-koos-musta-metall-raamiga-paike\/\"]}]},{\"@type\":\"ImageObject\",\"inLanguage\":\"da-DK\",\"@id\":\"https:\/\/www.riverbank.ee\/koik-tooted\/taispuidust-seinariiul-koos-musta-metall-raamiga-paike\/#primaryimage\",\"url\":\"https:\/\/www.riverbank.ee\/wp-content\/uploads\/2026\/03\/4Q6A1630-scaled.jpg\",\"contentUrl\":\"https:\/\/www.riverbank.ee\/wp-content\/uploads\/2026\/03\/4Q6A1630-scaled.jpg\",\"width\":1707,\"height\":2560,\"caption\":\"V\u00e6ghylde i massivt egetr\u00e6 med sorte metalrammer. Dekorativ hylde til v\u00e6ggen.\"},{\"@type\":\"BreadcrumbList\",\"@id\":\"https:\/\/www.riverbank.ee\/koik-tooted\/taispuidust-seinariiul-koos-musta-metall-raamiga-paike\/#breadcrumb\",\"itemListElement\":[{\"@type\":\"ListItem\",\"position\":1,\"name\":\"Avaleht\",\"item\":\"https:\/\/www.riverbank.ee\/\"},{\"@type\":\"ListItem\",\"position\":2,\"name\":\"Alle produkter\",\"item\":\"https:\/\/www.riverbank.ee\/koik-tooted\/\"},{\"@type\":\"ListItem\",\"position\":3,\"name\":\"Massivt tr\u00e6 v\u00e6ghylde med sort metalramme P\u00c4IKE\"}]},{\"@type\":\"WebSite\",\"@id\":\"https:\/\/www.riverbank.ee\/#website\",\"url\":\"https:\/\/www.riverbank.ee\/\",\"name\":\"Riverbank\",\"description\":\"Riverbank\",\"publisher\":{\"@id\":\"https:\/\/www.riverbank.ee\/#organization\"},\"potentialAction\":[{\"@type\":\"SearchAction\",\"target\":{\"@type\":\"EntryPoint\",\"urlTemplate\":\"https:\/\/www.riverbank.ee\/?s={search_term_string}\"},\"query-input\":{\"@type\":\"PropertyValueSpecification\",\"valueRequired\":true,\"valueName\":\"search_term_string\"}}],\"inLanguage\":\"da-DK\"},{\"@type\":\"Organization\",\"@id\":\"https:\/\/www.riverbank.ee\/#organization\",\"name\":\"Riverbank\",\"url\":\"https:\/\/www.riverbank.ee\/\",\"logo\":{\"@type\":\"ImageObject\",\"inLanguage\":\"da-DK\",\"@id\":\"https:\/\/www.riverbank.ee\/#\/schema\/logo\/image\/\",\"url\":\"https:\/\/www.riverbank.ee\/wp-content\/uploads\/2021\/06\/logo-tervik.png\",\"contentUrl\":\"https:\/\/www.riverbank.ee\/wp-content\/uploads\/2021\/06\/logo-tervik.png\",\"width\":2000,\"height\":521,\"caption\":\"Riverbank\"},\"image\":{\"@id\":\"https:\/\/www.riverbank.ee\/#\/schema\/logo\/image\/\"},\"sameAs\":[\"https:\/\/www.facebook.com\/RiverbankVoodid\"]}]}<\/script>\n<!-- \/ Yoast SEO plugin. -->","yoast_head_json":{"title":"Massivt tr\u00e6 v\u00e6ghylde med sort metalramme P\u00c4IKE | Riverbank","description":"Den naturlige egetr\u00e6sv\u00e6ghylde med sort metalramme tilf\u00f8rer rummet en moderne industriel stil og en varm, naturlig tone.","robots":{"index":"noindex","follow":"follow"},"og_locale":"da_DK","og_type":"article","og_title":"Massivt tr\u00e6 v\u00e6ghylde med sort metalramme P\u00c4IKE | Riverbank","og_description":"Den naturlige egetr\u00e6sv\u00e6ghylde med sort metalramme tilf\u00f8rer rummet en moderne industriel stil og en varm, naturlig tone.","og_url":"https:\/\/www.riverbank.ee\/koik-tooted\/taispuidust-seinariiul-koos-musta-metall-raamiga-paike\/","og_site_name":"Riverbank","article_publisher":"https:\/\/www.facebook.com\/RiverbankVoodid","og_image":[{"width":1707,"height":2560,"url":"https:\/\/www.riverbank.ee\/wp-content\/uploads\/2026\/03\/4Q6A1630-scaled.jpg","type":"image\/jpeg"}],"twitter_card":"summary_large_image","schema":{"@context":"https:\/\/schema.org","@graph":[{"@type":"WebPage","@id":"https:\/\/www.riverbank.ee\/koik-tooted\/taispuidust-seinariiul-koos-musta-metall-raamiga-paike\/","url":"https:\/\/www.riverbank.ee\/koik-tooted\/taispuidust-seinariiul-koos-musta-metall-raamiga-paike\/","name":"Massivt tr\u00e6 v\u00e6ghylde med sort metalramme P\u00c4IKE | Riverbank","isPartOf":{"@id":"https:\/\/www.riverbank.ee\/#website"},"primaryImageOfPage":{"@id":"https:\/\/www.riverbank.ee\/koik-tooted\/taispuidust-seinariiul-koos-musta-metall-raamiga-paike\/#primaryimage"},"image":{"@id":"https:\/\/www.riverbank.ee\/koik-tooted\/taispuidust-seinariiul-koos-musta-metall-raamiga-paike\/#primaryimage"},"thumbnailUrl":"https:\/\/www.riverbank.ee\/wp-content\/uploads\/2026\/03\/4Q6A1630-scaled.jpg","datePublished":"2026-03-27T12:14:56+00:00","description":"Den naturlige egetr\u00e6sv\u00e6ghylde med sort metalramme tilf\u00f8rer rummet en moderne industriel stil og en varm, naturlig tone.","breadcrumb":{"@id":"https:\/\/www.riverbank.ee\/koik-tooted\/taispuidust-seinariiul-koos-musta-metall-raamiga-paike\/#breadcrumb"},"inLanguage":"da-DK","potentialAction":[{"@type":"ReadAction","target":["https:\/\/www.riverbank.ee\/koik-tooted\/taispuidust-seinariiul-koos-musta-metall-raamiga-paike\/"]}]},{"@type":"ImageObject","inLanguage":"da-DK","@id":"https:\/\/www.riverbank.ee\/koik-tooted\/taispuidust-seinariiul-koos-musta-metall-raamiga-paike\/#primaryimage","url":"https:\/\/www.riverbank.ee\/wp-content\/uploads\/2026\/03\/4Q6A1630-scaled.jpg","contentUrl":"https:\/\/www.riverbank.ee\/wp-content\/uploads\/2026\/03\/4Q6A1630-scaled.jpg","width":1707,"height":2560,"caption":"V\u00e6ghylde i massivt egetr\u00e6 med sorte metalrammer. Dekorativ hylde til v\u00e6ggen."},{"@type":"BreadcrumbList","@id":"https:\/\/www.riverbank.ee\/koik-tooted\/taispuidust-seinariiul-koos-musta-metall-raamiga-paike\/#breadcrumb","itemListElement":[{"@type":"ListItem","position":1,"name":"Avaleht","item":"https:\/\/www.riverbank.ee\/"},{"@type":"ListItem","position":2,"name":"Alle produkter","item":"https:\/\/www.riverbank.ee\/koik-tooted\/"},{"@type":"ListItem","position":3,"name":"Massivt tr\u00e6 v\u00e6ghylde med sort metalramme P\u00c4IKE"}]},{"@type":"WebSite","@id":"https:\/\/www.riverbank.ee\/#website","url":"https:\/\/www.riverbank.ee\/","name":"Riverbank","description":"Riverbank","publisher":{"@id":"https:\/\/www.riverbank.ee\/#organization"},"potentialAction":[{"@type":"SearchAction","target":{"@type":"EntryPoint","urlTemplate":"https:\/\/www.riverbank.ee\/?s={search_term_string}"},"query-input":{"@type":"PropertyValueSpecification","valueRequired":true,"valueName":"search_term_string"}}],"inLanguage":"da-DK"},{"@type":"Organization","@id":"https:\/\/www.riverbank.ee\/#organization","name":"Riverbank","url":"https:\/\/www.riverbank.ee\/","logo":{"@type":"ImageObject","inLanguage":"da-DK","@id":"https:\/\/www.riverbank.ee\/#\/schema\/logo\/image\/","url":"https:\/\/www.riverbank.ee\/wp-content\/uploads\/2021\/06\/logo-tervik.png","contentUrl":"https:\/\/www.riverbank.ee\/wp-content\/uploads\/2021\/06\/logo-tervik.png","width":2000,"height":521,"caption":"Riverbank"},"image":{"@id":"https:\/\/www.riverbank.ee\/#\/schema\/logo\/image\/"},"sameAs":["https:\/\/www.facebook.com\/RiverbankVoodid"]}]}},"_links":{"self":[{"href":"https:\/\/www.riverbank.ee\/da\/wp-json\/wp\/v2\/product\/8628","targetHints":{"allow":["GET"]}}],"collection":[{"href":"https:\/\/www.riverbank.ee\/da\/wp-json\/wp\/v2\/product"}],"about":[{"href":"https:\/\/www.riverbank.ee\/da\/wp-json\/wp\/v2\/types\/product"}],"replies":[{"embeddable":true,"href":"https:\/\/www.riverbank.ee\/da\/wp-json\/wp\/v2\/comments?post=8628"}],"wp:featuredmedia":[{"embeddable":true,"href":"https:\/\/www.riverbank.ee\/da\/wp-json\/wp\/v2\/media\/8629"}],"wp:attachment":[{"href":"https:\/\/www.riverbank.ee\/da\/wp-json\/wp\/v2\/media?parent=8628"}],"wp:term":[{"taxonomy":"product_brand","embeddable":true,"href":"https:\/\/www.riverbank.ee\/da\/wp-json\/wp\/v2\/product_brand?post=8628"},{"taxonomy":"product_cat","embeddable":true,"href":"https:\/\/www.riverbank.ee\/da\/wp-json\/wp\/v2\/product_cat?post=8628"},{"taxonomy":"product_tag","embeddable":true,"href":"https:\/\/www.riverbank.ee\/da\/wp-json\/wp\/v2\/product_tag?post=8628"}],"curies":[{"name":"wp","href":"https:\/\/api.w.org\/{rel}","templated":true}]}}